{"id":1244,"date":"2018-12-06T11:54:17","date_gmt":"2018-12-06T10:54:17","guid":{"rendered":"https:\/\/aircleanbeauty.com\/materiali\/"},"modified":"2023-04-28T09:35:19","modified_gmt":"2023-04-28T08:35:19","slug":"materialien","status":"publish","type":"page","link":"https:\/\/aircleanbeauty.com\/de\/materialien\/","title":{"rendered":"Handt\u00fccher"},"content":{"rendered":"<section class=\"wpb-content-wrapper\"><p>[vc_row full_width=&#8220;stretch_row_content&#8220; content_placement=&#8220;middle&#8220; type=&#8220;vc_default&#8220; css=&#8220;.vc_custom_1657706329574{margin-top: -70px !important;}&#8220;][vc_column width=&#8220;1\/2&#8243; css=&#8220;.vc_custom_1544093553031{padding-top: 35px !important;padding-bottom: 35px !important;}&#8220;][vc_single_image image=&#8220;6648&#8243; img_size=&#8220;full&#8220; css=&#8220;.vc_custom_1674061637689{margin-bottom: 0px !important;}&#8220;][\/vc_column][vc_column width=&#8220;1\/2&#8243; el_class=&#8220;text-col&#8220;][vc_custom_heading text=&#8220;Smarty Tissue multi-lagig in reiner Zellulose Watte. Hervorragende Saugf\u00e4higkeit: Trocknet Perfekt ab. Weich und nat\u00fcrlich bei Hautkontakt.&#8220; use_theme_fonts=&#8220;yes&#8220;][vc_custom_heading text=&#8220;\u2022 30&#215;40 \u2022 40&#215;44&#8243; font_container=&#8220;tag:h3|text_align:left|color:%23bc238a&#8220; use_theme_fonts=&#8220;yes&#8220;]<style type=\"text\/css\" data-type=\"the7_shortcodes-inline-css\">#default-btn-3ef43f6c437011186e278851d22d8e54.ico-right-side > i {\n  margin-right: 0px;\n  margin-left: 8px;\n}\n#default-btn-3ef43f6c437011186e278851d22d8e54 > i {\n  margin-right: 8px;\n}\n<\/style><a href=\"https:\/\/aircleanbeauty.com\/de\/smarty-asciugamani\/\" class=\"default-btn-shortcode dt-btn dt-btn-m link-hover-off btn-inline-left \" id=\"default-btn-3ef43f6c437011186e278851d22d8e54\" title=\"Smarty\"><span>ENTDECKEN SIE DIE PRODUKTE<\/span><\/a>[\/vc_column][\/vc_row][vc_row full_width=&#8220;stretch_row_content&#8220; content_placement=&#8220;middle&#8220; type=&#8220;vc_default&#8220; el_class=&#8220;inverse&#8220; css=&#8220;.vc_custom_1674490308072{background-color: #d4d3d2 !important;}&#8220;][vc_column width=&#8220;1\/2&#8243; css=&#8220;.vc_custom_1544093553031{padding-top: 35px !important;padding-bottom: 35px !important;}&#8220;][vc_single_image image=&#8220;6638&#8243; img_size=&#8220;full&#8220;][\/vc_column][vc_column width=&#8220;1\/2&#8243; el_class=&#8220;text-col&#8220;][vc_custom_heading text=&#8220;Das Doppel S gepr\u00e4gte Airlaid ist ein hochwertiges nat\u00fcrliches Material, aus Reiner Zellulose, praktisch, hygienisch und saugf\u00e4hig, widerstandsf\u00e4hig auch bei nassen zustand.&#8220; use_theme_fonts=&#8220;yes&#8220; el_class=&#8220;text-right&#8220;][vc_custom_heading text=&#8220;\u2022 38&#215;30 \u2022 30&#215;30 \u2022 30&#215;40 \u2022 40&#215;48 \u2022 80&#215;48 \u2022 67&#215;37 \u2022 75&#215;40 \u2022 80&#215;40 \u2022 80&#215;44&#8243; font_container=&#8220;tag:h3|text_align:left|color:%23bc238a&#8220; use_theme_fonts=&#8220;yes&#8220; el_class=&#8220;text-right&#8220;]<style type=\"text\/css\" data-type=\"the7_shortcodes-inline-css\">#default-btn-7e861d2ad4f3a000909dbab146cd274b.ico-right-side > i {\n  margin-right: 0px;\n  margin-left: 8px;\n}\n#default-btn-7e861d2ad4f3a000909dbab146cd274b > i {\n  margin-right: 8px;\n}\n<\/style><a href=\"https:\/\/aircleanbeauty.com\/de\/materialien\/magic\/\" class=\"default-btn-shortcode dt-btn dt-btn-m link-hover-off align-right btn-inline-left \" id=\"default-btn-7e861d2ad4f3a000909dbab146cd274b\" title=\"MAGIC\"><span>ENTDECKEN SIE DIE PRODUKTE<\/span><\/a>[\/vc_column][\/vc_row][vc_row full_width=&#8220;stretch_row_content&#8220; content_placement=&#8220;middle&#8220; type=&#8220;vc_default&#8220;][vc_column width=&#8220;1\/2&#8243; css=&#8220;.vc_custom_1544093553031{padding-top: 35px !important;padding-bottom: 35px !important;}&#8220;][vc_single_image image=&#8220;6633&#8243; img_size=&#8220;full&#8220; css=&#8220;.vc_custom_1674061657502{margin-bottom: 0px !important;}&#8220;][\/vc_column][vc_column width=&#8220;1\/2&#8243; el_class=&#8220;text-col&#8220;][vc_custom_heading text=&#8220;Spunlace, Vliesstoff, mit gro\u00dfer Weichheit kombiniert mit ausgezeichneter Elastizit\u00e4t, die es dem Material erm\u00f6glicht sich zu dehnen, was es zum idealen Produkt im Friseurbereich macht.&#8220; use_theme_fonts=&#8220;yes&#8220;][vc_custom_heading text=&#8220;\u2022 20&#215;20 \u2022 38&#215;30 \u2022 75&#215;40 \u2022 80&#215;40 \u2022 80&#215;44&#8243; font_container=&#8220;tag:h3|text_align:left|color:%23bc238a&#8220; use_theme_fonts=&#8220;yes&#8220;]<style type=\"text\/css\" data-type=\"the7_shortcodes-inline-css\">#default-btn-2576d3c6bbecd1e96676eb79e7a2de43.ico-right-side > i {\n  margin-right: 0px;\n  margin-left: 8px;\n}\n#default-btn-2576d3c6bbecd1e96676eb79e7a2de43 > i {\n  margin-right: 8px;\n}\n<\/style><a href=\"https:\/\/aircleanbeauty.com\/de\/materialien\/flexy\/\" class=\"default-btn-shortcode dt-btn dt-btn-m link-hover-off btn-inline-left \" id=\"default-btn-2576d3c6bbecd1e96676eb79e7a2de43\" title=\"Flexy\"><span>ENTDECKEN SIE DIE PRODUKTE<\/span><\/a>[\/vc_column][\/vc_row][vc_row full_width=&#8220;stretch_row_content&#8220; content_placement=&#8220;middle&#8220; type=&#8220;vc_default&#8220; el_class=&#8220;inverse&#8220; css=&#8220;.vc_custom_1674490315902{margin-bottom: -70px !important;background-color: #d4d3d2 !important;}&#8220;][vc_column width=&#8220;1\/2&#8243; css=&#8220;.vc_custom_1544093553031{padding-top: 35px !important;padding-bottom: 35px !important;}&#8220;][vc_single_image image=&#8220;6656&#8243; img_size=&#8220;full&#8220; css=&#8220;.vc_custom_1674062287268{margin-bottom: 0px !important;}&#8220;][\/vc_column][vc_column width=&#8220;1\/2&#8243; el_class=&#8220;text-col&#8220;][vc_custom_heading text=&#8220;Einer Auswahl an Einweg T\u00fcchern aus Technischen materialen, speziell f\u00fcr den Cleaning Sektor.&#8220; use_theme_fonts=&#8220;yes&#8220; el_class=&#8220;text-right&#8220;]<style type=\"text\/css\" data-type=\"the7_shortcodes-inline-css\">#default-btn-b74d545a5d32fffaab06e64ccecc8146.ico-right-side > i {\n  margin-right: 0px;\n  margin-left: 8px;\n}\n#default-btn-b74d545a5d32fffaab06e64ccecc8146 > i {\n  margin-right: 8px;\n}\n<\/style><a href=\"https:\/\/aircleanbeauty.com\/de\/materialien\/technische-tuecher\/\" class=\"default-btn-shortcode dt-btn dt-btn-m link-hover-off align-right btn-inline-left \" id=\"default-btn-b74d545a5d32fffaab06e64ccecc8146\" title=\"Technische T\u00fccher\"><span>ENTDECKEN SIE DIE PRODUKTE<\/span><\/a>[\/vc_column][\/vc_row]<\/p>\n<\/section>","protected":false},"excerpt":{"rendered":"<p>[vc_row full_width=&#8220;stretch_row_content&#8220; content_placement=&#8220;middle&#8220; type=&#8220;vc_default&#8220; css=&#8220;.vc_custom_1657706329574{margin-top: -70px !important;}&#8220;][vc_column width=&#8220;1\/2&#8243; css=&#8220;.vc_custom_1544093553031{padding-top: 35px !important;padding-bottom: 35px !important;}&#8220;][vc_single_image image=&#8220;6648&#8243; img_size=&#8220;full&#8220; css=&#8220;.vc_custom_1674061637689{margin-bottom: 0px !important;}&#8220;][\/vc_column][vc_column width=&#8220;1\/2&#8243; el_class=&#8220;text-col&#8220;][vc_custom_heading text=&#8220;Smarty Tissue multi-lagig in reiner Zellulose Watte. Hervorragende Saugf\u00e4higkeit: Trocknet Perfekt ab. Weich und nat\u00fcrlich bei Hautkontakt.&#8220; use_theme_fonts=&#8220;yes&#8220;][vc_custom_heading text=&#8220;\u2022 30&#215;40 \u2022 40&#215;44&#8243; font_container=&#8220;tag:h3|text_align:left|color:%23bc238a&#8220; use_theme_fonts=&#8220;yes&#8220;][\/vc_column][\/vc_row][vc_row full_width=&#8220;stretch_row_content&#8220; content_placement=&#8220;middle&#8220; type=&#8220;vc_default&#8220; el_class=&#8220;inverse&#8220; css=&#8220;.vc_custom_1674490308072{background-color: #d4d3d2 !important;}&#8220;][vc_column width=&#8220;1\/2&#8243; css=&#8220;.vc_custom_1544093553031{padding-top: 35px !important;padding-bottom:&hellip;<\/p>\n","protected":false},"author":4,"featured_media":0,"parent":0,"menu_order":0,"comment_status":"closed","ping_status":"closed","template":"","meta":[],"yoast_head":"<!-- This site is optimized with the Yoast SEO plugin v20.7 - https:\/\/yoast.com\/wordpress\/plugins\/seo\/ -->\n<title>Handt\u00fccher - AirClean Beauty<\/title>\n<meta name=\"robots\" content=\"index, follow, max-snippet:-1, max-image-preview:large, max-video-preview:-1\" \/>\n<link rel=\"canonical\" href=\"https:\/\/aircleanbeauty.com\/de\/materialien\/\" \/>\n<meta property=\"og:locale\" content=\"de_DE\" \/>\n<meta property=\"og:type\" content=\"article\" \/>\n<meta property=\"og:title\" content=\"Handt\u00fccher - AirClean Beauty\" \/>\n<meta property=\"og:description\" content=\"[vc_row full_width=&#8220;stretch_row_content&#8220; content_placement=&#8220;middle&#8220; type=&#8220;vc_default&#8220; css=&#8220;.vc_custom_1657706329574{margin-top: -70px !important;}&#8220;][vc_column width=&#8220;1\/2&#8243; css=&#8220;.vc_custom_1544093553031{padding-top: 35px !important;padding-bottom: 35px !important;}&#8220;][vc_single_image image=&#8220;6648&#8243; img_size=&#8220;full&#8220; css=&#8220;.vc_custom_1674061637689{margin-bottom: 0px !important;}&#8220;][\/vc_column][vc_column width=&#8220;1\/2&#8243; el_class=&#8220;text-col&#8220;][vc_custom_heading text=&#8220;Smarty Tissue multi-lagig in reiner Zellulose Watte. Hervorragende Saugf\u00e4higkeit: Trocknet Perfekt ab. Weich und nat\u00fcrlich bei Hautkontakt.&#8220; use_theme_fonts=&#8220;yes&#8220;][vc_custom_heading text=&#8220;\u2022 30&#215;40 \u2022 40&#215;44&#8243; font_container=&#8220;tag:h3|text_align:left|color:%23bc238a&#8220; use_theme_fonts=&#8220;yes&#8220;][\/vc_column][\/vc_row][vc_row full_width=&#8220;stretch_row_content&#8220; content_placement=&#8220;middle&#8220; type=&#8220;vc_default&#8220; el_class=&#8220;inverse&#8220; css=&#8220;.vc_custom_1674490308072{background-color: #d4d3d2 !important;}&#8220;][vc_column width=&#8220;1\/2&#8243; css=&#8220;.vc_custom_1544093553031{padding-top: 35px !important;padding-bottom:&hellip;\" \/>\n<meta property=\"og:url\" content=\"https:\/\/aircleanbeauty.com\/de\/materialien\/\" \/>\n<meta property=\"og:site_name\" content=\"AirClean Beauty\" \/>\n<meta property=\"article:modified_time\" content=\"2023-04-28T08:35:19+00:00\" \/>\n<meta name=\"twitter:card\" content=\"summary_large_image\" \/>\n<meta name=\"twitter:label1\" content=\"Gesch\u00e4tzte Lesezeit\" \/>\n\t<meta name=\"twitter:data1\" content=\"2\u00a0Minuten\" \/>\n<script type=\"application\/ld+json\" class=\"yoast-schema-graph\">{\"@context\":\"https:\/\/schema.org\",\"@graph\":[{\"@type\":\"WebPage\",\"@id\":\"https:\/\/aircleanbeauty.com\/de\/materialien\/\",\"url\":\"https:\/\/aircleanbeauty.com\/de\/materialien\/\",\"name\":\"Handt\u00fccher - AirClean Beauty\",\"isPartOf\":{\"@id\":\"https:\/\/aircleanbeauty.com\/#website\"},\"datePublished\":\"2018-12-06T10:54:17+00:00\",\"dateModified\":\"2023-04-28T08:35:19+00:00\",\"breadcrumb\":{\"@id\":\"https:\/\/aircleanbeauty.com\/de\/materialien\/#breadcrumb\"},\"inLanguage\":\"de\",\"potentialAction\":[{\"@type\":\"ReadAction\",\"target\":[\"https:\/\/aircleanbeauty.com\/de\/materialien\/\"]}]},{\"@type\":\"BreadcrumbList\",\"@id\":\"https:\/\/aircleanbeauty.com\/de\/materialien\/#breadcrumb\",\"itemListElement\":[{\"@type\":\"ListItem\",\"position\":1,\"name\":\"Home\",\"item\":\"https:\/\/aircleanbeauty.com\/de\/\"},{\"@type\":\"ListItem\",\"position\":2,\"name\":\"Handt\u00fccher\"}]},{\"@type\":\"WebSite\",\"@id\":\"https:\/\/aircleanbeauty.com\/#website\",\"url\":\"https:\/\/aircleanbeauty.com\/\",\"name\":\"AirClean Beauty\",\"description\":\"Monouso al servizio della bellezza\",\"potentialAction\":[{\"@type\":\"SearchAction\",\"target\":{\"@type\":\"EntryPoint\",\"urlTemplate\":\"https:\/\/aircleanbeauty.com\/?s={search_term_string}\"},\"query-input\":\"required name=search_term_string\"}],\"inLanguage\":\"de\"}]}<\/script>\n<!-- \/ Yoast SEO plugin. -->","yoast_head_json":{"title":"Handt\u00fccher - AirClean Beauty","robots":{"index":"index","follow":"follow","max-snippet":"max-snippet:-1","max-image-preview":"max-image-preview:large","max-video-preview":"max-video-preview:-1"},"canonical":"https:\/\/aircleanbeauty.com\/de\/materialien\/","og_locale":"de_DE","og_type":"article","og_title":"Handt\u00fccher - AirClean Beauty","og_description":"[vc_row full_width=&#8220;stretch_row_content&#8220; content_placement=&#8220;middle&#8220; type=&#8220;vc_default&#8220; css=&#8220;.vc_custom_1657706329574{margin-top: -70px !important;}&#8220;][vc_column width=&#8220;1\/2&#8243; css=&#8220;.vc_custom_1544093553031{padding-top: 35px !important;padding-bottom: 35px !important;}&#8220;][vc_single_image image=&#8220;6648&#8243; img_size=&#8220;full&#8220; css=&#8220;.vc_custom_1674061637689{margin-bottom: 0px !important;}&#8220;][\/vc_column][vc_column width=&#8220;1\/2&#8243; el_class=&#8220;text-col&#8220;][vc_custom_heading text=&#8220;Smarty Tissue multi-lagig in reiner Zellulose Watte. Hervorragende Saugf\u00e4higkeit: Trocknet Perfekt ab. Weich und nat\u00fcrlich bei Hautkontakt.&#8220; use_theme_fonts=&#8220;yes&#8220;][vc_custom_heading text=&#8220;\u2022 30&#215;40 \u2022 40&#215;44&#8243; font_container=&#8220;tag:h3|text_align:left|color:%23bc238a&#8220; use_theme_fonts=&#8220;yes&#8220;][\/vc_column][\/vc_row][vc_row full_width=&#8220;stretch_row_content&#8220; content_placement=&#8220;middle&#8220; type=&#8220;vc_default&#8220; el_class=&#8220;inverse&#8220; css=&#8220;.vc_custom_1674490308072{background-color: #d4d3d2 !important;}&#8220;][vc_column width=&#8220;1\/2&#8243; css=&#8220;.vc_custom_1544093553031{padding-top: 35px !important;padding-bottom:&hellip;","og_url":"https:\/\/aircleanbeauty.com\/de\/materialien\/","og_site_name":"AirClean Beauty","article_modified_time":"2023-04-28T08:35:19+00:00","twitter_card":"summary_large_image","twitter_misc":{"Gesch\u00e4tzte Lesezeit":"2\u00a0Minuten"},"schema":{"@context":"https:\/\/schema.org","@graph":[{"@type":"WebPage","@id":"https:\/\/aircleanbeauty.com\/de\/materialien\/","url":"https:\/\/aircleanbeauty.com\/de\/materialien\/","name":"Handt\u00fccher - AirClean Beauty","isPartOf":{"@id":"https:\/\/aircleanbeauty.com\/#website"},"datePublished":"2018-12-06T10:54:17+00:00","dateModified":"2023-04-28T08:35:19+00:00","breadcrumb":{"@id":"https:\/\/aircleanbeauty.com\/de\/materialien\/#breadcrumb"},"inLanguage":"de","potentialAction":[{"@type":"ReadAction","target":["https:\/\/aircleanbeauty.com\/de\/materialien\/"]}]},{"@type":"BreadcrumbList","@id":"https:\/\/aircleanbeauty.com\/de\/materialien\/#breadcrumb","itemListElement":[{"@type":"ListItem","position":1,"name":"Home","item":"https:\/\/aircleanbeauty.com\/de\/"},{"@type":"ListItem","position":2,"name":"Handt\u00fccher"}]},{"@type":"WebSite","@id":"https:\/\/aircleanbeauty.com\/#website","url":"https:\/\/aircleanbeauty.com\/","name":"AirClean Beauty","description":"Monouso al servizio della bellezza","potentialAction":[{"@type":"SearchAction","target":{"@type":"EntryPoint","urlTemplate":"https:\/\/aircleanbeauty.com\/?s={search_term_string}"},"query-input":"required name=search_term_string"}],"inLanguage":"de"}]}},"_links":{"self":[{"href":"https:\/\/aircleanbeauty.com\/de\/wp-json\/wp\/v2\/pages\/1244"}],"collection":[{"href":"https:\/\/aircleanbeauty.com\/de\/wp-json\/wp\/v2\/pages"}],"about":[{"href":"https:\/\/aircleanbeauty.com\/de\/wp-json\/wp\/v2\/types\/page"}],"author":[{"embeddable":true,"href":"https:\/\/aircleanbeauty.com\/de\/wp-json\/wp\/v2\/users\/4"}],"replies":[{"embeddable":true,"href":"https:\/\/aircleanbeauty.com\/de\/wp-json\/wp\/v2\/comments?post=1244"}],"version-history":[{"count":15,"href":"https:\/\/aircleanbeauty.com\/de\/wp-json\/wp\/v2\/pages\/1244\/revisions"}],"predecessor-version":[{"id":7904,"href":"https:\/\/aircleanbeauty.com\/de\/wp-json\/wp\/v2\/pages\/1244\/revisions\/7904"}],"wp:attachment":[{"href":"https:\/\/aircleanbeauty.com\/de\/wp-json\/wp\/v2\/media?parent=1244"}],"curies":[{"name":"wp","href":"https:\/\/api.w.org\/{rel}","templated":true}]}}