{"id":1245,"date":"2018-12-06T11:54:17","date_gmt":"2018-12-06T10:54:17","guid":{"rendered":"https:\/\/aircleanbeauty.com\/materiali\/"},"modified":"2023-04-28T09:31:33","modified_gmt":"2023-04-28T08:31:33","slug":"toallas","status":"publish","type":"page","link":"https:\/\/aircleanbeauty.com\/es\/toallas\/","title":{"rendered":"Toallas"},"content":{"rendered":"<section class=\"wpb-content-wrapper\"><p>[vc_row full_width=\u00bbstretch_row_content\u00bb content_placement=\u00bbmiddle\u00bb type=\u00bbvc_default\u00bb css=\u00bb.vc_custom_1657706329574{margin-top: -70px !important;}\u00bb][vc_column width=\u00bb1\/2&#8243; css=\u00bb.vc_custom_1544093553031{padding-top: 35px !important;padding-bottom: 35px !important;}\u00bb][vc_single_image image=\u00bb6648&#8243; img_size=\u00bbfull\u00bb css=\u00bb.vc_custom_1674061637689{margin-bottom: 0px !important;}\u00bb][\/vc_column][vc_column width=\u00bb1\/2&#8243; el_class=\u00bbtext-col\u00bb][vc_custom_heading text=\u00bbToallita de papel multicapas en celulosa pura. Gran absorbencia: seca las manos perfectamente. Suave y natural en contacto con la piel.\u00bb use_theme_fonts=\u00bbyes\u00bb][vc_custom_heading text=\u00bb\u2022 30&#215;40 \u2022 40&#215;44&#8243; font_container=\u00bbtag:h3|text_align:left|color:%23bc238a\u00bb use_theme_fonts=\u00bbyes\u00bb]<style type=\"text\/css\" data-type=\"the7_shortcodes-inline-css\">#default-btn-e869d771177d57d8464ecd17f5f746b4.ico-right-side > i {\n  margin-right: 0px;\n  margin-left: 8px;\n}\n#default-btn-e869d771177d57d8464ecd17f5f746b4 > i {\n  margin-right: 8px;\n}\n<\/style><a href=\"https:\/\/aircleanbeauty.com\/es\/toallas\/smarty-asciugamani\/\" class=\"default-btn-shortcode dt-btn dt-btn-m link-hover-off btn-inline-left \" id=\"default-btn-e869d771177d57d8464ecd17f5f746b4\" title=\"Smarty\"><span>DESCUBRE PRODUCTOS<\/span><\/a>[\/vc_column][\/vc_row][vc_row full_width=\u00bbstretch_row_content\u00bb content_placement=\u00bbmiddle\u00bb type=\u00bbvc_default\u00bb el_class=\u00bbinverse\u00bb css=\u00bb.vc_custom_1674490308072{background-color: #d4d3d2 !important;}\u00bb][vc_column width=\u00bb1\/2&#8243; css=\u00bb.vc_custom_1544093553031{padding-top: 35px !important;padding-bottom: 35px !important;}\u00bb][vc_single_image image=\u00bb6638&#8243; img_size=\u00bbfull\u00bb][\/vc_column][vc_column width=\u00bb1\/2&#8243; el_class=\u00bbtext-col\u00bb][vc_custom_heading text=\u00bbPapel seco o Airlaid gofrado doble S, es un material natural de alta calidad, compuesto de pura celulosa, pr\u00e1ctico, higi\u00e9nico, absorbente y resistente incluso cuando est\u00e1 mojado.\u00bb use_theme_fonts=\u00bbyes\u00bb el_class=\u00bbtext-right\u00bb][vc_custom_heading text=\u00bb\u2022 38&#215;30 \u2022 30&#215;30 \u2022 30&#215;40 \u2022 40&#215;48 \u2022 80&#215;48 \u2022 67&#215;37 \u2022 75&#215;40 \u2022 80&#215;40 \u2022 80&#215;44&#8243; font_container=\u00bbtag:h3|text_align:left|color:%23bc238a\u00bb use_theme_fonts=\u00bbyes\u00bb el_class=\u00bbtext-right\u00bb]<style type=\"text\/css\" data-type=\"the7_shortcodes-inline-css\">#default-btn-f78b232443fbc607437f0ae9070c0d6a.ico-right-side > i {\n  margin-right: 0px;\n  margin-left: 8px;\n}\n#default-btn-f78b232443fbc607437f0ae9070c0d6a > i {\n  margin-right: 8px;\n}\n<\/style><a href=\"https:\/\/aircleanbeauty.com\/es\/toallas\/magic\/\" class=\"default-btn-shortcode dt-btn dt-btn-m link-hover-off align-right btn-inline-left \" id=\"default-btn-f78b232443fbc607437f0ae9070c0d6a\" title=\"MAGIC\"><span>DESCUBRE PRODUCTOS<\/span><\/a>[\/vc_column][\/vc_row][vc_row full_width=\u00bbstretch_row_content\u00bb content_placement=\u00bbmiddle\u00bb type=\u00bbvc_default\u00bb][vc_column width=\u00bb1\/2&#8243; css=\u00bb.vc_custom_1544093553031{padding-top: 35px !important;padding-bottom: 35px !important;}\u00bb][vc_single_image image=\u00bb6633&#8243; img_size=\u00bbfull\u00bb css=\u00bb.vc_custom_1674061657502{margin-bottom: 0px !important;}\u00bb][\/vc_column][vc_column width=\u00bb1\/2&#8243; el_class=\u00bbtext-col\u00bb][vc_custom_heading text=\u00bbSpunlace es un tejido no tejido de gran suavidad combinada con una excelente elasticidad, que permite que el material se alargue, haci\u00e9ndolo el producto ideal en el sector de la peluquer\u00eda.\u00bb use_theme_fonts=\u00bbyes\u00bb][vc_custom_heading text=\u00bb\u2022 20&#215;20 \u2022 38&#215;30 \u2022 75&#215;40 \u2022 80&#215;40 \u2022 80&#215;44&#8243; font_container=\u00bbtag:h3|text_align:left|color:%23bc238a\u00bb use_theme_fonts=\u00bbyes\u00bb]<style type=\"text\/css\" data-type=\"the7_shortcodes-inline-css\">#default-btn-db198a56b76657a417eb39af507adcd3.ico-right-side > i {\n  margin-right: 0px;\n  margin-left: 8px;\n}\n#default-btn-db198a56b76657a417eb39af507adcd3 > i {\n  margin-right: 8px;\n}\n<\/style><a href=\"https:\/\/aircleanbeauty.com\/es\/toallas\/flexy\/\" class=\"default-btn-shortcode dt-btn dt-btn-m link-hover-off btn-inline-left \" id=\"default-btn-db198a56b76657a417eb39af507adcd3\" title=\"Flexy\"><span>DESCUBRE PRODUCTOS<\/span><\/a>[\/vc_column][\/vc_row][vc_row full_width=\u00bbstretch_row_content\u00bb content_placement=\u00bbmiddle\u00bb type=\u00bbvc_default\u00bb el_class=\u00bbinverse\u00bb css=\u00bb.vc_custom_1674490315902{margin-bottom: -70px !important;background-color: #d4d3d2 !important;}\u00bb][vc_column width=\u00bb1\/2&#8243; css=\u00bb.vc_custom_1544093553031{padding-top: 35px !important;padding-bottom: 35px !important;}\u00bb][vc_single_image image=\u00bb6656&#8243; img_size=\u00bbfull\u00bb css=\u00bb.vc_custom_1674062287268{margin-bottom: 0px !important;}\u00bb][\/vc_column][vc_column width=\u00bb1\/2&#8243; el_class=\u00bbtext-col\u00bb][vc_custom_heading text=\u00bbUna selecci\u00f3n de pa\u00f1os desechables en materiales t\u00e9cnicos, espec\u00edficos para el sector de la limpieza.\u00bb use_theme_fonts=\u00bbyes\u00bb el_class=\u00bbtext-right\u00bb]<style type=\"text\/css\" data-type=\"the7_shortcodes-inline-css\">#default-btn-15fdea113de2a8a6f608d73318ff3862.ico-right-side > i {\n  margin-right: 0px;\n  margin-left: 8px;\n}\n#default-btn-15fdea113de2a8a6f608d73318ff3862 > i {\n  margin-right: 8px;\n}\n<\/style><a href=\"https:\/\/aircleanbeauty.com\/es\/toallas\/panos-tecnicos\/\" class=\"default-btn-shortcode dt-btn dt-btn-m link-hover-off align-right btn-inline-left \" id=\"default-btn-15fdea113de2a8a6f608d73318ff3862\" title=\"Pa\u00f1os T\u00e9cnicos\"><span>DESCUBRE PRODUCTOS<\/span><\/a>[\/vc_column][\/vc_row]<\/p>\n<\/section>","protected":false},"excerpt":{"rendered":"<p>[vc_row full_width=\u00bbstretch_row_content\u00bb content_placement=\u00bbmiddle\u00bb type=\u00bbvc_default\u00bb css=\u00bb.vc_custom_1657706329574{margin-top: -70px !important;}\u00bb][vc_column width=\u00bb1\/2&#8243; css=\u00bb.vc_custom_1544093553031{padding-top: 35px !important;padding-bottom: 35px !important;}\u00bb][vc_single_image image=\u00bb6648&#8243; img_size=\u00bbfull\u00bb css=\u00bb.vc_custom_1674061637689{margin-bottom: 0px !important;}\u00bb][\/vc_column][vc_column width=\u00bb1\/2&#8243; el_class=\u00bbtext-col\u00bb][vc_custom_heading text=\u00bbToallita de papel multicapas en celulosa pura. Gran absorbencia: seca las manos perfectamente. Suave y natural en contacto con la piel.\u00bb use_theme_fonts=\u00bbyes\u00bb][vc_custom_heading text=\u00bb\u2022 30&#215;40 \u2022 40&#215;44&#8243; font_container=\u00bbtag:h3|text_align:left|color:%23bc238a\u00bb use_theme_fonts=\u00bbyes\u00bb][\/vc_column][\/vc_row][vc_row full_width=\u00bbstretch_row_content\u00bb content_placement=\u00bbmiddle\u00bb type=\u00bbvc_default\u00bb el_class=\u00bbinverse\u00bb css=\u00bb.vc_custom_1674490308072{background-color: #d4d3d2 !important;}\u00bb][vc_column&hellip;<\/p>\n","protected":false},"author":4,"featured_media":0,"parent":0,"menu_order":0,"comment_status":"closed","ping_status":"closed","template":"","meta":[],"yoast_head":"<!-- This site is optimized with the Yoast SEO plugin v20.7 - https:\/\/yoast.com\/wordpress\/plugins\/seo\/ -->\n<title>Toallas - AirClean Beauty<\/title>\n<meta name=\"robots\" content=\"index, follow, max-snippet:-1, max-image-preview:large, max-video-preview:-1\" \/>\n<link rel=\"canonical\" href=\"https:\/\/aircleanbeauty.com\/es\/toallas\/\" \/>\n<meta property=\"og:locale\" content=\"es_ES\" \/>\n<meta property=\"og:type\" content=\"article\" \/>\n<meta property=\"og:title\" content=\"Toallas - AirClean Beauty\" \/>\n<meta property=\"og:description\" content=\"[vc_row full_width=\u00bbstretch_row_content\u00bb content_placement=\u00bbmiddle\u00bb type=\u00bbvc_default\u00bb css=\u00bb.vc_custom_1657706329574{margin-top: -70px !important;}\u00bb][vc_column width=\u00bb1\/2&#8243; css=\u00bb.vc_custom_1544093553031{padding-top: 35px !important;padding-bottom: 35px !important;}\u00bb][vc_single_image image=\u00bb6648&#8243; img_size=\u00bbfull\u00bb css=\u00bb.vc_custom_1674061637689{margin-bottom: 0px !important;}\u00bb][\/vc_column][vc_column width=\u00bb1\/2&#8243; el_class=\u00bbtext-col\u00bb][vc_custom_heading text=\u00bbToallita de papel multicapas en celulosa pura. Gran absorbencia: seca las manos perfectamente. Suave y natural en contacto con la piel.\u00bb use_theme_fonts=\u00bbyes\u00bb][vc_custom_heading text=\u00bb\u2022 30&#215;40 \u2022 40&#215;44&#8243; font_container=\u00bbtag:h3|text_align:left|color:%23bc238a\u00bb use_theme_fonts=\u00bbyes\u00bb][\/vc_column][\/vc_row][vc_row full_width=\u00bbstretch_row_content\u00bb content_placement=\u00bbmiddle\u00bb type=\u00bbvc_default\u00bb el_class=\u00bbinverse\u00bb css=\u00bb.vc_custom_1674490308072{background-color: #d4d3d2 !important;}\u00bb][vc_column&hellip;\" \/>\n<meta property=\"og:url\" content=\"https:\/\/aircleanbeauty.com\/es\/toallas\/\" \/>\n<meta property=\"og:site_name\" content=\"AirClean Beauty\" \/>\n<meta property=\"article:modified_time\" content=\"2023-04-28T08:31:33+00:00\" \/>\n<meta name=\"twitter:card\" content=\"summary_large_image\" \/>\n<meta name=\"twitter:label1\" content=\"Tiempo de lectura\" \/>\n\t<meta name=\"twitter:data1\" content=\"2 minutos\" \/>\n<script type=\"application\/ld+json\" class=\"yoast-schema-graph\">{\"@context\":\"https:\/\/schema.org\",\"@graph\":[{\"@type\":\"WebPage\",\"@id\":\"https:\/\/aircleanbeauty.com\/es\/toallas\/\",\"url\":\"https:\/\/aircleanbeauty.com\/es\/toallas\/\",\"name\":\"Toallas - AirClean Beauty\",\"isPartOf\":{\"@id\":\"https:\/\/aircleanbeauty.com\/#website\"},\"datePublished\":\"2018-12-06T10:54:17+00:00\",\"dateModified\":\"2023-04-28T08:31:33+00:00\",\"breadcrumb\":{\"@id\":\"https:\/\/aircleanbeauty.com\/es\/toallas\/#breadcrumb\"},\"inLanguage\":\"es\",\"potentialAction\":[{\"@type\":\"ReadAction\",\"target\":[\"https:\/\/aircleanbeauty.com\/es\/toallas\/\"]}]},{\"@type\":\"BreadcrumbList\",\"@id\":\"https:\/\/aircleanbeauty.com\/es\/toallas\/#breadcrumb\",\"itemListElement\":[{\"@type\":\"ListItem\",\"position\":1,\"name\":\"Home\",\"item\":\"https:\/\/aircleanbeauty.com\/es\/\"},{\"@type\":\"ListItem\",\"position\":2,\"name\":\"Toallas\"}]},{\"@type\":\"WebSite\",\"@id\":\"https:\/\/aircleanbeauty.com\/#website\",\"url\":\"https:\/\/aircleanbeauty.com\/\",\"name\":\"AirClean Beauty\",\"description\":\"Monouso al servizio della bellezza\",\"potentialAction\":[{\"@type\":\"SearchAction\",\"target\":{\"@type\":\"EntryPoint\",\"urlTemplate\":\"https:\/\/aircleanbeauty.com\/?s={search_term_string}\"},\"query-input\":\"required name=search_term_string\"}],\"inLanguage\":\"es\"}]}<\/script>\n<!-- \/ Yoast SEO plugin. -->","yoast_head_json":{"title":"Toallas - AirClean Beauty","robots":{"index":"index","follow":"follow","max-snippet":"max-snippet:-1","max-image-preview":"max-image-preview:large","max-video-preview":"max-video-preview:-1"},"canonical":"https:\/\/aircleanbeauty.com\/es\/toallas\/","og_locale":"es_ES","og_type":"article","og_title":"Toallas - AirClean Beauty","og_description":"[vc_row full_width=\u00bbstretch_row_content\u00bb content_placement=\u00bbmiddle\u00bb type=\u00bbvc_default\u00bb css=\u00bb.vc_custom_1657706329574{margin-top: -70px !important;}\u00bb][vc_column width=\u00bb1\/2&#8243; css=\u00bb.vc_custom_1544093553031{padding-top: 35px !important;padding-bottom: 35px !important;}\u00bb][vc_single_image image=\u00bb6648&#8243; img_size=\u00bbfull\u00bb css=\u00bb.vc_custom_1674061637689{margin-bottom: 0px !important;}\u00bb][\/vc_column][vc_column width=\u00bb1\/2&#8243; el_class=\u00bbtext-col\u00bb][vc_custom_heading text=\u00bbToallita de papel multicapas en celulosa pura. Gran absorbencia: seca las manos perfectamente. Suave y natural en contacto con la piel.\u00bb use_theme_fonts=\u00bbyes\u00bb][vc_custom_heading text=\u00bb\u2022 30&#215;40 \u2022 40&#215;44&#8243; font_container=\u00bbtag:h3|text_align:left|color:%23bc238a\u00bb use_theme_fonts=\u00bbyes\u00bb][\/vc_column][\/vc_row][vc_row full_width=\u00bbstretch_row_content\u00bb content_placement=\u00bbmiddle\u00bb type=\u00bbvc_default\u00bb el_class=\u00bbinverse\u00bb css=\u00bb.vc_custom_1674490308072{background-color: #d4d3d2 !important;}\u00bb][vc_column&hellip;","og_url":"https:\/\/aircleanbeauty.com\/es\/toallas\/","og_site_name":"AirClean Beauty","article_modified_time":"2023-04-28T08:31:33+00:00","twitter_card":"summary_large_image","twitter_misc":{"Tiempo de lectura":"2 minutos"},"schema":{"@context":"https:\/\/schema.org","@graph":[{"@type":"WebPage","@id":"https:\/\/aircleanbeauty.com\/es\/toallas\/","url":"https:\/\/aircleanbeauty.com\/es\/toallas\/","name":"Toallas - AirClean Beauty","isPartOf":{"@id":"https:\/\/aircleanbeauty.com\/#website"},"datePublished":"2018-12-06T10:54:17+00:00","dateModified":"2023-04-28T08:31:33+00:00","breadcrumb":{"@id":"https:\/\/aircleanbeauty.com\/es\/toallas\/#breadcrumb"},"inLanguage":"es","potentialAction":[{"@type":"ReadAction","target":["https:\/\/aircleanbeauty.com\/es\/toallas\/"]}]},{"@type":"BreadcrumbList","@id":"https:\/\/aircleanbeauty.com\/es\/toallas\/#breadcrumb","itemListElement":[{"@type":"ListItem","position":1,"name":"Home","item":"https:\/\/aircleanbeauty.com\/es\/"},{"@type":"ListItem","position":2,"name":"Toallas"}]},{"@type":"WebSite","@id":"https:\/\/aircleanbeauty.com\/#website","url":"https:\/\/aircleanbeauty.com\/","name":"AirClean Beauty","description":"Monouso al servizio della bellezza","potentialAction":[{"@type":"SearchAction","target":{"@type":"EntryPoint","urlTemplate":"https:\/\/aircleanbeauty.com\/?s={search_term_string}"},"query-input":"required name=search_term_string"}],"inLanguage":"es"}]}},"_links":{"self":[{"href":"https:\/\/aircleanbeauty.com\/es\/wp-json\/wp\/v2\/pages\/1245"}],"collection":[{"href":"https:\/\/aircleanbeauty.com\/es\/wp-json\/wp\/v2\/pages"}],"about":[{"href":"https:\/\/aircleanbeauty.com\/es\/wp-json\/wp\/v2\/types\/page"}],"author":[{"embeddable":true,"href":"https:\/\/aircleanbeauty.com\/es\/wp-json\/wp\/v2\/users\/4"}],"replies":[{"embeddable":true,"href":"https:\/\/aircleanbeauty.com\/es\/wp-json\/wp\/v2\/comments?post=1245"}],"version-history":[{"count":13,"href":"https:\/\/aircleanbeauty.com\/es\/wp-json\/wp\/v2\/pages\/1245\/revisions"}],"predecessor-version":[{"id":7901,"href":"https:\/\/aircleanbeauty.com\/es\/wp-json\/wp\/v2\/pages\/1245\/revisions\/7901"}],"wp:attachment":[{"href":"https:\/\/aircleanbeauty.com\/es\/wp-json\/wp\/v2\/media?parent=1245"}],"curies":[{"name":"wp","href":"https:\/\/api.w.org\/{rel}","templated":true}]}}