{"id":2275,"date":"2018-11-30T10:25:48","date_gmt":"2018-11-30T09:25:48","guid":{"rendered":"https:\/\/aircleanbeauty.com\/catalogo\/"},"modified":"2023-05-22T15:45:32","modified_gmt":"2023-05-22T14:45:32","slug":"catalogue","status":"publish","type":"page","link":"https:\/\/aircleanbeauty.com\/fr\/catalogue\/","title":{"rendered":"Catalogue"},"content":{"rendered":"<section class=\"wpb-content-wrapper\"><p>[vc_row][vc_column][vc_column_text]<div class=\"_df_book df-lite\" id=\"df_3511\"  data-title=\"catalogo\" _slug=\"3511\" wpoptions=\"true\" thumbtype=\"bg\" ><p class=\"df-raw-loading\">Please wait while flipbook is loading. For more related info, FAQs and issues please refer to <a href=\"https:\/\/wordpress.org\/plugins\/3d-flipbook-dflip-lite\/#installation\">DearFlip WordPress Flipbook Plugin Help<\/a> documentation.<\/p><\/div><script class=\"df-shortcode-script\" type=\"application\/javascript\">window.option_df_3511 = {\"outline\":[],\"backgroundColor\":\"#f6f6f6\",\"forceFit\":\"true\",\"autoEnableOutline\":\"false\",\"autoEnableThumbnail\":\"false\",\"overwritePDFOutline\":\"false\",\"direction\":\"1\",\"pageSize\":\"0\",\"source\":\"https:\\\/\\\/aircleanbeauty.com\\\/download\\\/catalogo\\\/?wpdmdl=7905&masterkey=MedwxYPqJ1WwwCd8T74YDIHU8mCyrDSI7g1hGwqy6Pj6QdoFCKFaE8HzKcTBuZcRwCslaf_j-DuaDv91H0z9sZAcOJFeGQ1gtvxuY-dRZfU\",\"wpOptions\":\"true\"}; if(window.DFLIP && window.DFLIP.parseBooks){window.DFLIP.parseBooks();}<\/script>[\/vc_column_text]<style type=\"text\/css\" data-type=\"the7_shortcodes-inline-css\">#default-btn-2a0b3fd9b23d59562fb7af6db13aea53.ico-right-side > i {\n  margin-right: 0px;\n  margin-left: 8px;\n}\n#default-btn-2a0b3fd9b23d59562fb7af6db13aea53 > i {\n  margin-right: 8px;\n}\n<\/style><div class=\"btn-align-center\"><a href=\"https:\/\/aircleanbeauty.com\/wp-content\/uploads\/2022\/04 \/Catalogo-AirClean.pdf\" class=\"default-btn-shortcode dt-btn dt-btn-m link-hover-off \" id=\"default-btn-2a0b3fd9b23d59562fb7af6db13aea53\"><span>T\u00c9L\u00c9CHARGER CATALOGUE<\/span><\/a><\/div>[\/vc_column][\/vc_row][vc_row full_width=\u00a0\u00bbstretch_row_content\u00a0\u00bb disable_element=\u00a0\u00bbyes\u00a0\u00bb type=\u00a0\u00bbvc_default\u00a0\u00bb min_height=\u00a0\u00bb-70px\u00a0\u00bb css=\u00a0\u00bb.vc_custom_1675849881641{margin-top: -70px !important;margin-bottom: 35px !important;}\u00a0\u00bb][vc_column css=\u00a0\u00bb.vc_custom_1543569880652{padding-right: 0px !important;padding-left: 0px !important;}\u00a0\u00bb][vc_single_image image=\u00a0\u00bb703&Prime; img_size=\u00a0\u00bbfull\u00a0\u00bb alignment=\u00a0\u00bbcenter\u00a0\u00bb][vc_custom_heading text=\u00a0\u00bbCATALOGUE\u00a0\u00bb font_container=\u00a0\u00bbtag:h1|text_align:center\u00a0\u00bb use_theme_fonts=\u00a0\u00bbyes\u00a0\u00bb el_class=\u00a0\u00bbpage-title\u00a0\u00bb][\/vc_column][\/vc_row][vc_row full_width=\u00a0\u00bbstretch_row\u00a0\u00bb content_placement=\u00a0\u00bbmiddle\u00a0\u00bb disable_element=\u00a0\u00bbyes\u00a0\u00bb type=\u00a0\u00bbvc_default\u00a0\u00bb][vc_column width=\u00a0\u00bb1\/2&Prime;][vc_single_image image=\u00a0\u00bb3472&Prime; img_size=\u00a0\u00bbfull\u00a0\u00bb onclick=\u00a0\u00bbcustom_link\u00a0\u00bb css=\u00a0\u00bb.vc_custom_1649839708871{margin-bottom: 0px !important;}\u00a0\u00bb link=\u00a0\u00bb\/catalogo\/sfoglia-collection\/\u00a0\u00bb el_class=\u00a0\u00bbcopertina-cat\u00a0\u00bb][\/vc_column][vc_column width=\u00a0\u00bb1\/2&Prime; css=\u00a0\u00bb.vc_custom_1543569941434{padding-top: 50px !important;}\u00a0\u00bb][vc_custom_heading text=\u00a0\u00bbCATALOGUE 2022&Prime; font_container=\u00a0\u00bbtag:h2|text_align:center\u00a0\u00bb use_theme_fonts=\u00a0\u00bbyes\u00a0\u00bb][vc_column_text el_class=\u00a0\u00bbtext-wrap\u00a0\u00bb]<\/p>\n<p style=\"text-align: center;\">D\u00e9couvrez le large assortiment con\u00e7u pour les professionnels de la beaut\u00e9.<\/p>\n<p>[\/vc_column_text][vc_raw_html]JTNDZGl2JTIwY2xhc3MlM0QlMjJidXR0b24tMSUyMiUyMHN0eWxlJTNEJTIydGV4dC1hbGlnbiUzQSUyMGNlbnRlciUzQiUyMiUzRSUwQSUyMCUyMCUyMCUyMCUzQ2ElMjBjbGFzcyUzRCUyMmJ1dHRvbnRleHQlMjIlMjBocmVmJTNEJTIyJTJGZnIlMkZjYXRhbG9ndWUlMkZzZm9nbGlhLWNvbGxlY3Rpb24lMkYlMjIlM0VGRVVJTExFVEVaJTNDJTJGYSUzRSUyMCVFMiU4MCVBMiUyMCUzQ2ElMjBjbGFzcyUzRCUyMmJ1dHRvbnRleHQlMjBjYWxsdG9hY3Rpb24lMjIlMjBocmVmJTNEJTIyaHR0cHMlM0ElMkYlMkZhaXJjbGVhbmJlYXV0eS5jb20lMkZ3cC1jb250ZW50JTJGdXBsb2FkcyUyRjIwMjIlMkYwNCUyRkNhdGFsb2dvLUFpckNsZWFuLnBkZiUyMiUyMHRhcmdldCUzRCUyMl9ibGFuayUyMiUyMCUzRVQlQzMlODlMJUMzJTg5Q0hBUkdFWiUzQyUyRmElM0UlMEElM0MlMkZkaXYlM0UlMEElM0NkaXYlMjBzdHlsZSUzRCUyMnRleHQtYWxpZ24lM0ElMjBjZW50ZXIlM0IlMjIlM0UlMEElMjAlMjAlMjAlMjAlM0NidXR0b24lMjBjbGFzcyUzRCUyMmJ1dHRvbi0yJTIyJTNFJTNDYSUyMGhyZWYlM0QlMjIlMkZjb250YXR0YWNpJTIyJTIwY2xhc3MlM0QlMjJidXR0b250ZXh0JTIyJTNFQ09OVEFDVEVaLSUyME5PVVMlM0MlMkZhJTNFJTNDJTJGYnV0dG9uJTNFJTBBJTNDJTJGZGl2JTNF[\/vc_raw_html][\/vc_column][\/vc_row]<\/p>\n<\/section>","protected":false},"excerpt":{"rendered":"<p>[vc_row][vc_column][vc_column_text][\/vc_column_text][\/vc_column][\/vc_row][vc_row full_width=\u00a0\u00bbstretch_row_content\u00a0\u00bb disable_element=\u00a0\u00bbyes\u00a0\u00bb type=\u00a0\u00bbvc_default\u00a0\u00bb min_height=\u00a0\u00bb-70px\u00a0\u00bb css=\u00a0\u00bb.vc_custom_1675849881641{margin-top: -70px !important;margin-bottom: 35px !important;}\u00a0\u00bb][vc_column css=\u00a0\u00bb.vc_custom_1543569880652{padding-right: 0px !important;padding-left: 0px !important;}\u00a0\u00bb][vc_single_image image=\u00a0\u00bb703&Prime; img_size=\u00a0\u00bbfull\u00a0\u00bb alignment=\u00a0\u00bbcenter\u00a0\u00bb][vc_custom_heading text=\u00a0\u00bbCATALOGUE\u00a0\u00bb font_container=\u00a0\u00bbtag:h1|text_align:center\u00a0\u00bb use_theme_fonts=\u00a0\u00bbyes\u00a0\u00bb el_class=\u00a0\u00bbpage-title\u00a0\u00bb][\/vc_column][\/vc_row][vc_row full_width=\u00a0\u00bbstretch_row\u00a0\u00bb content_placement=\u00a0\u00bbmiddle\u00a0\u00bb disable_element=\u00a0\u00bbyes\u00a0\u00bb type=\u00a0\u00bbvc_default\u00a0\u00bb][vc_column width=\u00a0\u00bb1\/2&Prime;][vc_single_image image=\u00a0\u00bb3472&Prime; img_size=\u00a0\u00bbfull\u00a0\u00bb onclick=\u00a0\u00bbcustom_link\u00a0\u00bb css=\u00a0\u00bb.vc_custom_1649839708871{margin-bottom: 0px !important;}\u00a0\u00bb link=\u00a0\u00bb\/catalogo\/sfoglia-collection\/\u00a0\u00bb el_class=\u00a0\u00bbcopertina-cat\u00a0\u00bb][\/vc_column][vc_column width=\u00a0\u00bb1\/2&Prime; css=\u00a0\u00bb.vc_custom_1543569941434{padding-top: 50px !important;}\u00a0\u00bb][vc_custom_heading text=\u00a0\u00bbCATALOGUE 2022&Prime; font_container=\u00a0\u00bbtag:h2|text_align:center\u00a0\u00bb use_theme_fonts=\u00a0\u00bbyes\u00a0\u00bb][vc_column_text el_class=\u00a0\u00bbtext-wrap\u00a0\u00bb] D\u00e9couvrez le large assortiment con\u00e7u pour les professionnels de la beaut\u00e9.&hellip;<\/p>\n","protected":false},"author":4,"featured_media":0,"parent":0,"menu_order":0,"comment_status":"closed","ping_status":"closed","template":"","meta":[],"yoast_head":"<!-- This site is optimized with the Yoast SEO plugin v20.7 - https:\/\/yoast.com\/wordpress\/plugins\/seo\/ -->\n<title>Catalogue - AirClean Beauty<\/title>\n<meta name=\"robots\" content=\"index, follow, max-snippet:-1, max-image-preview:large, max-video-preview:-1\" \/>\n<link rel=\"canonical\" href=\"https:\/\/aircleanbeauty.com\/fr\/catalogue\/\" \/>\n<meta property=\"og:locale\" content=\"fr_FR\" \/>\n<meta property=\"og:type\" content=\"article\" \/>\n<meta property=\"og:title\" content=\"Catalogue - AirClean Beauty\" \/>\n<meta property=\"og:description\" content=\"[vc_row][vc_column][vc_column_text][\/vc_column_text][\/vc_column][\/vc_row][vc_row full_width=\u00a0\u00bbstretch_row_content\u00a0\u00bb disable_element=\u00a0\u00bbyes\u00a0\u00bb type=\u00a0\u00bbvc_default\u00a0\u00bb min_height=\u00a0\u00bb-70px\u00a0\u00bb css=\u00a0\u00bb.vc_custom_1675849881641{margin-top: -70px !important;margin-bottom: 35px !important;}\u00a0\u00bb][vc_column css=\u00a0\u00bb.vc_custom_1543569880652{padding-right: 0px !important;padding-left: 0px !important;}\u00a0\u00bb][vc_single_image image=\u00a0\u00bb703&Prime; img_size=\u00a0\u00bbfull\u00a0\u00bb alignment=\u00a0\u00bbcenter\u00a0\u00bb][vc_custom_heading text=\u00a0\u00bbCATALOGUE\u00a0\u00bb font_container=\u00a0\u00bbtag:h1|text_align:center\u00a0\u00bb use_theme_fonts=\u00a0\u00bbyes\u00a0\u00bb el_class=\u00a0\u00bbpage-title\u00a0\u00bb][\/vc_column][\/vc_row][vc_row full_width=\u00a0\u00bbstretch_row\u00a0\u00bb content_placement=\u00a0\u00bbmiddle\u00a0\u00bb disable_element=\u00a0\u00bbyes\u00a0\u00bb type=\u00a0\u00bbvc_default\u00a0\u00bb][vc_column width=\u00a0\u00bb1\/2&Prime;][vc_single_image image=\u00a0\u00bb3472&Prime; img_size=\u00a0\u00bbfull\u00a0\u00bb onclick=\u00a0\u00bbcustom_link\u00a0\u00bb css=\u00a0\u00bb.vc_custom_1649839708871{margin-bottom: 0px !important;}\u00a0\u00bb link=\u00a0\u00bb\/catalogo\/sfoglia-collection\/\u00a0\u00bb el_class=\u00a0\u00bbcopertina-cat\u00a0\u00bb][\/vc_column][vc_column width=\u00a0\u00bb1\/2&Prime; css=\u00a0\u00bb.vc_custom_1543569941434{padding-top: 50px !important;}\u00a0\u00bb][vc_custom_heading text=\u00a0\u00bbCATALOGUE 2022&Prime; font_container=\u00a0\u00bbtag:h2|text_align:center\u00a0\u00bb use_theme_fonts=\u00a0\u00bbyes\u00a0\u00bb][vc_column_text el_class=\u00a0\u00bbtext-wrap\u00a0\u00bb] D\u00e9couvrez le large assortiment con\u00e7u pour les professionnels de la beaut\u00e9.&hellip;\" \/>\n<meta property=\"og:url\" content=\"https:\/\/aircleanbeauty.com\/fr\/catalogue\/\" \/>\n<meta property=\"og:site_name\" content=\"AirClean Beauty\" \/>\n<meta property=\"article:modified_time\" content=\"2023-05-22T14:45:32+00:00\" \/>\n<meta name=\"twitter:card\" content=\"summary_large_image\" \/>\n<meta name=\"twitter:label1\" content=\"Dur\u00e9e de lecture estim\u00e9e\" \/>\n\t<meta name=\"twitter:data1\" content=\"1 minute\" \/>\n<script type=\"application\/ld+json\" class=\"yoast-schema-graph\">{\"@context\":\"https:\/\/schema.org\",\"@graph\":[{\"@type\":\"WebPage\",\"@id\":\"https:\/\/aircleanbeauty.com\/fr\/catalogue\/\",\"url\":\"https:\/\/aircleanbeauty.com\/fr\/catalogue\/\",\"name\":\"Catalogue - AirClean Beauty\",\"isPartOf\":{\"@id\":\"https:\/\/aircleanbeauty.com\/#website\"},\"datePublished\":\"2018-11-30T09:25:48+00:00\",\"dateModified\":\"2023-05-22T14:45:32+00:00\",\"breadcrumb\":{\"@id\":\"https:\/\/aircleanbeauty.com\/fr\/catalogue\/#breadcrumb\"},\"inLanguage\":\"fr-FR\",\"potentialAction\":[{\"@type\":\"ReadAction\",\"target\":[\"https:\/\/aircleanbeauty.com\/fr\/catalogue\/\"]}]},{\"@type\":\"BreadcrumbList\",\"@id\":\"https:\/\/aircleanbeauty.com\/fr\/catalogue\/#breadcrumb\",\"itemListElement\":[{\"@type\":\"ListItem\",\"position\":1,\"name\":\"Home\",\"item\":\"https:\/\/aircleanbeauty.com\/fr\/\"},{\"@type\":\"ListItem\",\"position\":2,\"name\":\"Catalogue\"}]},{\"@type\":\"WebSite\",\"@id\":\"https:\/\/aircleanbeauty.com\/#website\",\"url\":\"https:\/\/aircleanbeauty.com\/\",\"name\":\"AirClean Beauty\",\"description\":\"Monouso al servizio della bellezza\",\"potentialAction\":[{\"@type\":\"SearchAction\",\"target\":{\"@type\":\"EntryPoint\",\"urlTemplate\":\"https:\/\/aircleanbeauty.com\/?s={search_term_string}\"},\"query-input\":\"required name=search_term_string\"}],\"inLanguage\":\"fr-FR\"}]}<\/script>\n<!-- \/ Yoast SEO plugin. -->","yoast_head_json":{"title":"Catalogue - AirClean Beauty","robots":{"index":"index","follow":"follow","max-snippet":"max-snippet:-1","max-image-preview":"max-image-preview:large","max-video-preview":"max-video-preview:-1"},"canonical":"https:\/\/aircleanbeauty.com\/fr\/catalogue\/","og_locale":"fr_FR","og_type":"article","og_title":"Catalogue - AirClean Beauty","og_description":"[vc_row][vc_column][vc_column_text][\/vc_column_text][\/vc_column][\/vc_row][vc_row full_width=\u00a0\u00bbstretch_row_content\u00a0\u00bb disable_element=\u00a0\u00bbyes\u00a0\u00bb type=\u00a0\u00bbvc_default\u00a0\u00bb min_height=\u00a0\u00bb-70px\u00a0\u00bb css=\u00a0\u00bb.vc_custom_1675849881641{margin-top: -70px !important;margin-bottom: 35px !important;}\u00a0\u00bb][vc_column css=\u00a0\u00bb.vc_custom_1543569880652{padding-right: 0px !important;padding-left: 0px !important;}\u00a0\u00bb][vc_single_image image=\u00a0\u00bb703&Prime; img_size=\u00a0\u00bbfull\u00a0\u00bb alignment=\u00a0\u00bbcenter\u00a0\u00bb][vc_custom_heading text=\u00a0\u00bbCATALOGUE\u00a0\u00bb font_container=\u00a0\u00bbtag:h1|text_align:center\u00a0\u00bb use_theme_fonts=\u00a0\u00bbyes\u00a0\u00bb el_class=\u00a0\u00bbpage-title\u00a0\u00bb][\/vc_column][\/vc_row][vc_row full_width=\u00a0\u00bbstretch_row\u00a0\u00bb content_placement=\u00a0\u00bbmiddle\u00a0\u00bb disable_element=\u00a0\u00bbyes\u00a0\u00bb type=\u00a0\u00bbvc_default\u00a0\u00bb][vc_column width=\u00a0\u00bb1\/2&Prime;][vc_single_image image=\u00a0\u00bb3472&Prime; img_size=\u00a0\u00bbfull\u00a0\u00bb onclick=\u00a0\u00bbcustom_link\u00a0\u00bb css=\u00a0\u00bb.vc_custom_1649839708871{margin-bottom: 0px !important;}\u00a0\u00bb link=\u00a0\u00bb\/catalogo\/sfoglia-collection\/\u00a0\u00bb el_class=\u00a0\u00bbcopertina-cat\u00a0\u00bb][\/vc_column][vc_column width=\u00a0\u00bb1\/2&Prime; css=\u00a0\u00bb.vc_custom_1543569941434{padding-top: 50px !important;}\u00a0\u00bb][vc_custom_heading text=\u00a0\u00bbCATALOGUE 2022&Prime; font_container=\u00a0\u00bbtag:h2|text_align:center\u00a0\u00bb use_theme_fonts=\u00a0\u00bbyes\u00a0\u00bb][vc_column_text el_class=\u00a0\u00bbtext-wrap\u00a0\u00bb] D\u00e9couvrez le large assortiment con\u00e7u pour les professionnels de la beaut\u00e9.&hellip;","og_url":"https:\/\/aircleanbeauty.com\/fr\/catalogue\/","og_site_name":"AirClean Beauty","article_modified_time":"2023-05-22T14:45:32+00:00","twitter_card":"summary_large_image","twitter_misc":{"Dur\u00e9e de lecture estim\u00e9e":"1 minute"},"schema":{"@context":"https:\/\/schema.org","@graph":[{"@type":"WebPage","@id":"https:\/\/aircleanbeauty.com\/fr\/catalogue\/","url":"https:\/\/aircleanbeauty.com\/fr\/catalogue\/","name":"Catalogue - AirClean Beauty","isPartOf":{"@id":"https:\/\/aircleanbeauty.com\/#website"},"datePublished":"2018-11-30T09:25:48+00:00","dateModified":"2023-05-22T14:45:32+00:00","breadcrumb":{"@id":"https:\/\/aircleanbeauty.com\/fr\/catalogue\/#breadcrumb"},"inLanguage":"fr-FR","potentialAction":[{"@type":"ReadAction","target":["https:\/\/aircleanbeauty.com\/fr\/catalogue\/"]}]},{"@type":"BreadcrumbList","@id":"https:\/\/aircleanbeauty.com\/fr\/catalogue\/#breadcrumb","itemListElement":[{"@type":"ListItem","position":1,"name":"Home","item":"https:\/\/aircleanbeauty.com\/fr\/"},{"@type":"ListItem","position":2,"name":"Catalogue"}]},{"@type":"WebSite","@id":"https:\/\/aircleanbeauty.com\/#website","url":"https:\/\/aircleanbeauty.com\/","name":"AirClean Beauty","description":"Monouso al servizio della bellezza","potentialAction":[{"@type":"SearchAction","target":{"@type":"EntryPoint","urlTemplate":"https:\/\/aircleanbeauty.com\/?s={search_term_string}"},"query-input":"required name=search_term_string"}],"inLanguage":"fr-FR"}]}},"_links":{"self":[{"href":"https:\/\/aircleanbeauty.com\/fr\/wp-json\/wp\/v2\/pages\/2275"}],"collection":[{"href":"https:\/\/aircleanbeauty.com\/fr\/wp-json\/wp\/v2\/pages"}],"about":[{"href":"https:\/\/aircleanbeauty.com\/fr\/wp-json\/wp\/v2\/types\/page"}],"author":[{"embeddable":true,"href":"https:\/\/aircleanbeauty.com\/fr\/wp-json\/wp\/v2\/users\/4"}],"replies":[{"embeddable":true,"href":"https:\/\/aircleanbeauty.com\/fr\/wp-json\/wp\/v2\/comments?post=2275"}],"version-history":[{"count":2,"href":"https:\/\/aircleanbeauty.com\/fr\/wp-json\/wp\/v2\/pages\/2275\/revisions"}],"predecessor-version":[{"id":7722,"href":"https:\/\/aircleanbeauty.com\/fr\/wp-json\/wp\/v2\/pages\/2275\/revisions\/7722"}],"wp:attachment":[{"href":"https:\/\/aircleanbeauty.com\/fr\/wp-json\/wp\/v2\/media?parent=2275"}],"curies":[{"name":"wp","href":"https:\/\/api.w.org\/{rel}","templated":true}]}}