{"id":2279,"date":"2018-12-06T11:54:17","date_gmt":"2018-12-06T10:54:17","guid":{"rendered":"https:\/\/aircleanbeauty.com\/materiali\/"},"modified":"2023-04-28T09:33:03","modified_gmt":"2023-04-28T08:33:03","slug":"asciugamani","status":"publish","type":"page","link":"https:\/\/aircleanbeauty.com\/fr\/asciugamani\/","title":{"rendered":"Les Serviettes"},"content":{"rendered":"<section class=\"wpb-content-wrapper\"><p>[vc_row full_width=\u00a0\u00bbstretch_row_content\u00a0\u00bb content_placement=\u00a0\u00bbmiddle\u00a0\u00bb type=\u00a0\u00bbvc_default\u00a0\u00bb css=\u00a0\u00bb.vc_custom_1657706329574{margin-top: -70px !important;}\u00a0\u00bb][vc_column width=\u00a0\u00bb1\/2&Prime; css=\u00a0\u00bb.vc_custom_1544093553031{padding-top: 35px !important;padding-bottom: 35px !important;}\u00a0\u00bb][vc_single_image image=\u00a0\u00bb6648&Prime; img_size=\u00a0\u00bbfull\u00a0\u00bb css=\u00a0\u00bb.vc_custom_1674061637689{margin-bottom: 0px !important;}\u00a0\u00bb][\/vc_column][vc_column width=\u00a0\u00bb1\/2&Prime; el_class=\u00a0\u00bbtext-col\u00a0\u00bb][vc_custom_heading text=\u00a0\u00bbSmarty Tissu multicouche en pure ouate de cellulose. Grande capacit\u00e9 d&rsquo;absorption : s\u00e8che parfaitement. Doux et naturel au contact de la peau.\u00a0\u00bb use_theme_fonts=\u00a0\u00bbyes\u00a0\u00bb][vc_custom_heading text=\u00a0\u00bb\u2022 30&#215;40 \u2022 40&#215;44&Prime; font_container=\u00a0\u00bbtag:h3|text_align:left|color:%23bc238a\u00a0\u00bb use_theme_fonts=\u00a0\u00bbyes\u00a0\u00bb]<style type=\"text\/css\" data-type=\"the7_shortcodes-inline-css\">#default-btn-80981f77b88e29e574e952bb721cc409.ico-right-side > i {\n  margin-right: 0px;\n  margin-left: 8px;\n}\n#default-btn-80981f77b88e29e574e952bb721cc409 > i {\n  margin-right: 8px;\n}\n<\/style><a href=\"https:\/\/aircleanbeauty.com\/fr\/asciugamani\/smarty-asciugamani\/\" class=\"default-btn-shortcode dt-btn dt-btn-m link-hover-off btn-inline-left \" id=\"default-btn-80981f77b88e29e574e952bb721cc409\" title=\"Smarty\"><span>D\u00c9COUVREZ LES PRODUITS<\/span><\/a>[\/vc_column][\/vc_row][vc_row full_width=\u00a0\u00bbstretch_row_content\u00a0\u00bb content_placement=\u00a0\u00bbmiddle\u00a0\u00bb type=\u00a0\u00bbvc_default\u00a0\u00bb el_class=\u00a0\u00bbinverse\u00a0\u00bb css=\u00a0\u00bb.vc_custom_1674490308072{background-color: #d4d3d2 !important;}\u00a0\u00bb][vc_column width=\u00a0\u00bb1\/2&Prime; css=\u00a0\u00bb.vc_custom_1544093553031{padding-top: 35px !important;padding-bottom: 35px !important;}\u00a0\u00bb][vc_single_image image=\u00a0\u00bb6638&Prime; img_size=\u00a0\u00bbfull\u00a0\u00bb][\/vc_column][vc_column width=\u00a0\u00bb1\/2&Prime; el_class=\u00a0\u00bbtext-col\u00a0\u00bb][vc_custom_heading text=\u00a0\u00bbLe papier voie s\u00e8che ou Airlaid gaufr\u00e9 double S est un mat\u00e9riau naturel de haute qualit\u00e9, compos\u00e9 de pure cellulose, pratique, hygi\u00e9nique et absorbante, r\u00e9sistante m\u00eame mouill\u00e9e.\u00a0\u00bb use_theme_fonts=\u00a0\u00bbyes\u00a0\u00bb el_class=\u00a0\u00bbtext-right\u00a0\u00bb][vc_custom_heading text=\u00a0\u00bb\u2022 38&#215;30 \u2022 30&#215;30 \u2022 30&#215;40 \u2022 40&#215;48 \u2022 80&#215;48 \u2022 67&#215;37 \u2022 75&#215;40 \u2022 80&#215;40 \u2022 80&#215;44&Prime; font_container=\u00a0\u00bbtag:h3|text_align:left|color:%23bc238a\u00a0\u00bb use_theme_fonts=\u00a0\u00bbyes\u00a0\u00bb el_class=\u00a0\u00bbtext-right\u00a0\u00bb]<style type=\"text\/css\" data-type=\"the7_shortcodes-inline-css\">#default-btn-a4bfc6821c5a34eb1c1e127a08b20637.ico-right-side > i {\n  margin-right: 0px;\n  margin-left: 8px;\n}\n#default-btn-a4bfc6821c5a34eb1c1e127a08b20637 > i {\n  margin-right: 8px;\n}\n<\/style><a href=\"https:\/\/aircleanbeauty.com\/fr\/asciugamani\/magic\/\" class=\"default-btn-shortcode dt-btn dt-btn-m link-hover-off align-right btn-inline-left \" id=\"default-btn-a4bfc6821c5a34eb1c1e127a08b20637\" title=\"MAGIC\"><span>D\u00c9COUVREZ LES PRODUITS<\/span><\/a>[\/vc_column][\/vc_row][vc_row full_width=\u00a0\u00bbstretch_row_content\u00a0\u00bb content_placement=\u00a0\u00bbmiddle\u00a0\u00bb type=\u00a0\u00bbvc_default\u00a0\u00bb][vc_column width=\u00a0\u00bb1\/2&Prime; css=\u00a0\u00bb.vc_custom_1544093553031{padding-top: 35px !important;padding-bottom: 35px !important;}\u00a0\u00bb][vc_single_image image=\u00a0\u00bb6633&Prime; img_size=\u00a0\u00bbfull\u00a0\u00bb css=\u00a0\u00bb.vc_custom_1674061657502{margin-bottom: 0px !important;}\u00a0\u00bb][\/vc_column][vc_column width=\u00a0\u00bb1\/2&Prime; el_class=\u00a0\u00bbtext-col\u00a0\u00bb][vc_custom_heading text=\u00a0\u00bbSpunlace, tissu non tiss\u00e9, d&rsquo;une grande douceur combin\u00e9e \u00e0 une excellente \u00e9lasticit\u00e9, ce qui permet au mat\u00e9riau de s&rsquo;\u00e9tirer, ce qui en fait le produit id\u00e9al dans le secteur de la coiffure.\u00a0\u00bb use_theme_fonts=\u00a0\u00bbyes\u00a0\u00bb][vc_custom_heading text=\u00a0\u00bb\u2022 20&#215;20 \u2022 38&#215;30 \u2022 75&#215;40 \u2022 80&#215;40 \u2022 80&#215;44&Prime; font_container=\u00a0\u00bbtag:h3|text_align:left|color:%23bc238a\u00a0\u00bb use_theme_fonts=\u00a0\u00bbyes\u00a0\u00bb]<style type=\"text\/css\" data-type=\"the7_shortcodes-inline-css\">#default-btn-1cef495587d5cdf8bcab91342f0998ff.ico-right-side > i {\n  margin-right: 0px;\n  margin-left: 8px;\n}\n#default-btn-1cef495587d5cdf8bcab91342f0998ff > i {\n  margin-right: 8px;\n}\n<\/style><a href=\"https:\/\/aircleanbeauty.com\/fr\/asciugamani\/flexy\/\" class=\"default-btn-shortcode dt-btn dt-btn-m link-hover-off btn-inline-left \" id=\"default-btn-1cef495587d5cdf8bcab91342f0998ff\" title=\"Flexy\"><span>D\u00c9COUVREZ LES PRODUITS<\/span><\/a>[\/vc_column][\/vc_row][vc_row full_width=\u00a0\u00bbstretch_row_content\u00a0\u00bb content_placement=\u00a0\u00bbmiddle\u00a0\u00bb type=\u00a0\u00bbvc_default\u00a0\u00bb el_class=\u00a0\u00bbinverse\u00a0\u00bb css=\u00a0\u00bb.vc_custom_1674490315902{margin-bottom: -70px !important;background-color: #d4d3d2 !important;}\u00a0\u00bb][vc_column width=\u00a0\u00bb1\/2&Prime; css=\u00a0\u00bb.vc_custom_1544093553031{padding-top: 35px !important;padding-bottom: 35px !important;}\u00a0\u00bb][vc_single_image image=\u00a0\u00bb6656&Prime; img_size=\u00a0\u00bbfull\u00a0\u00bb css=\u00a0\u00bb.vc_custom_1674062287268{margin-bottom: 0px !important;}\u00a0\u00bb][\/vc_column][vc_column width=\u00a0\u00bb1\/2&Prime; el_class=\u00a0\u00bbtext-col\u00a0\u00bb][vc_custom_heading text=\u00a0\u00bbUne s\u00e9lection de chiffons jetables en mat\u00e9riaux techniques, sp\u00e9cifiques pour le secteur du Nettoyage.\u00a0\u00bb use_theme_fonts=\u00a0\u00bbyes\u00a0\u00bb el_class=\u00a0\u00bbtext-right\u00a0\u00bb]<style type=\"text\/css\" data-type=\"the7_shortcodes-inline-css\">#default-btn-05cc2bb8e86422d7a921eea80e3962b4.ico-right-side > i {\n  margin-right: 0px;\n  margin-left: 8px;\n}\n#default-btn-05cc2bb8e86422d7a921eea80e3962b4 > i {\n  margin-right: 8px;\n}\n<\/style><a href=\"https:\/\/aircleanbeauty.com\/fr\/asciugamani\/chiffons-techniques\/\" class=\"default-btn-shortcode dt-btn dt-btn-m link-hover-off align-right btn-inline-left \" id=\"default-btn-05cc2bb8e86422d7a921eea80e3962b4\" title=\"Chiffons Techniques\"><span>D\u00c9COUVREZ LES PRODUITS<\/span><\/a>[\/vc_column][\/vc_row]<\/p>\n<\/section>","protected":false},"excerpt":{"rendered":"<p>[vc_row full_width=\u00a0\u00bbstretch_row_content\u00a0\u00bb content_placement=\u00a0\u00bbmiddle\u00a0\u00bb type=\u00a0\u00bbvc_default\u00a0\u00bb css=\u00a0\u00bb.vc_custom_1657706329574{margin-top: -70px !important;}\u00a0\u00bb][vc_column width=\u00a0\u00bb1\/2&Prime; css=\u00a0\u00bb.vc_custom_1544093553031{padding-top: 35px !important;padding-bottom: 35px !important;}\u00a0\u00bb][vc_single_image image=\u00a0\u00bb6648&Prime; img_size=\u00a0\u00bbfull\u00a0\u00bb css=\u00a0\u00bb.vc_custom_1674061637689{margin-bottom: 0px !important;}\u00a0\u00bb][\/vc_column][vc_column width=\u00a0\u00bb1\/2&Prime; el_class=\u00a0\u00bbtext-col\u00a0\u00bb][vc_custom_heading text=\u00a0\u00bbSmarty Tissu multicouche en pure ouate de cellulose. Grande capacit\u00e9 d&rsquo;absorption : s\u00e8che parfaitement. Doux et naturel au contact de la peau.\u00a0\u00bb use_theme_fonts=\u00a0\u00bbyes\u00a0\u00bb][vc_custom_heading text=\u00a0\u00bb\u2022 30&#215;40 \u2022 40&#215;44&Prime; font_container=\u00a0\u00bbtag:h3|text_align:left|color:%23bc238a\u00a0\u00bb use_theme_fonts=\u00a0\u00bbyes\u00a0\u00bb][\/vc_column][\/vc_row][vc_row full_width=\u00a0\u00bbstretch_row_content\u00a0\u00bb content_placement=\u00a0\u00bbmiddle\u00a0\u00bb type=\u00a0\u00bbvc_default\u00a0\u00bb el_class=\u00a0\u00bbinverse\u00a0\u00bb css=\u00a0\u00bb.vc_custom_1674490308072{background-color: #d4d3d2&hellip;<\/p>\n","protected":false},"author":4,"featured_media":0,"parent":0,"menu_order":0,"comment_status":"closed","ping_status":"closed","template":"","meta":[],"yoast_head":"<!-- This site is optimized with the Yoast SEO plugin v20.7 - https:\/\/yoast.com\/wordpress\/plugins\/seo\/ -->\n<title>Materiali asciugamani monouso - Parrucchieri ed estetista - AirClean<\/title>\n<meta name=\"description\" content=\"AirClean presenta utilizza materiali di prima qualit\u00e0 nella realizzazione dei suoi asciugamani monouso per il settore Hait\/Beauty, estetica e parrucchieri\" \/>\n<meta name=\"robots\" content=\"index, follow, max-snippet:-1, max-image-preview:large, max-video-preview:-1\" \/>\n<link rel=\"canonical\" href=\"https:\/\/aircleanbeauty.com\/fr\/asciugamani\/\" \/>\n<meta property=\"og:locale\" content=\"fr_FR\" \/>\n<meta property=\"og:type\" content=\"article\" \/>\n<meta property=\"og:title\" content=\"Materiali asciugamani monouso - Parrucchieri ed estetista - AirClean\" \/>\n<meta property=\"og:description\" content=\"AirClean presenta utilizza materiali di prima qualit\u00e0 nella realizzazione dei suoi asciugamani monouso per il settore Hait\/Beauty, estetica e parrucchieri\" \/>\n<meta property=\"og:url\" content=\"https:\/\/aircleanbeauty.com\/fr\/asciugamani\/\" \/>\n<meta property=\"og:site_name\" content=\"AirClean Beauty\" \/>\n<meta property=\"article:modified_time\" content=\"2023-04-28T08:33:03+00:00\" \/>\n<meta name=\"twitter:card\" content=\"summary_large_image\" \/>\n<meta name=\"twitter:label1\" content=\"Dur\u00e9e de lecture estim\u00e9e\" \/>\n\t<meta name=\"twitter:data1\" content=\"2 minutes\" \/>\n<script type=\"application\/ld+json\" class=\"yoast-schema-graph\">{\"@context\":\"https:\/\/schema.org\",\"@graph\":[{\"@type\":\"WebPage\",\"@id\":\"https:\/\/aircleanbeauty.com\/fr\/asciugamani\/\",\"url\":\"https:\/\/aircleanbeauty.com\/fr\/asciugamani\/\",\"name\":\"Materiali asciugamani monouso - Parrucchieri ed estetista - AirClean\",\"isPartOf\":{\"@id\":\"https:\/\/aircleanbeauty.com\/#website\"},\"datePublished\":\"2018-12-06T10:54:17+00:00\",\"dateModified\":\"2023-04-28T08:33:03+00:00\",\"description\":\"AirClean presenta utilizza materiali di prima qualit\u00e0 nella realizzazione dei suoi asciugamani monouso per il settore Hait\/Beauty, estetica e parrucchieri\",\"breadcrumb\":{\"@id\":\"https:\/\/aircleanbeauty.com\/fr\/asciugamani\/#breadcrumb\"},\"inLanguage\":\"fr-FR\",\"potentialAction\":[{\"@type\":\"ReadAction\",\"target\":[\"https:\/\/aircleanbeauty.com\/fr\/asciugamani\/\"]}]},{\"@type\":\"BreadcrumbList\",\"@id\":\"https:\/\/aircleanbeauty.com\/fr\/asciugamani\/#breadcrumb\",\"itemListElement\":[{\"@type\":\"ListItem\",\"position\":1,\"name\":\"Home\",\"item\":\"https:\/\/aircleanbeauty.com\/fr\/\"},{\"@type\":\"ListItem\",\"position\":2,\"name\":\"Les Serviettes\"}]},{\"@type\":\"WebSite\",\"@id\":\"https:\/\/aircleanbeauty.com\/#website\",\"url\":\"https:\/\/aircleanbeauty.com\/\",\"name\":\"AirClean Beauty\",\"description\":\"Monouso al servizio della bellezza\",\"potentialAction\":[{\"@type\":\"SearchAction\",\"target\":{\"@type\":\"EntryPoint\",\"urlTemplate\":\"https:\/\/aircleanbeauty.com\/?s={search_term_string}\"},\"query-input\":\"required name=search_term_string\"}],\"inLanguage\":\"fr-FR\"}]}<\/script>\n<!-- \/ Yoast SEO plugin. -->","yoast_head_json":{"title":"Materiali asciugamani monouso - Parrucchieri ed estetista - AirClean","description":"AirClean presenta utilizza materiali di prima qualit\u00e0 nella realizzazione dei suoi asciugamani monouso per il settore Hait\/Beauty, estetica e parrucchieri","robots":{"index":"index","follow":"follow","max-snippet":"max-snippet:-1","max-image-preview":"max-image-preview:large","max-video-preview":"max-video-preview:-1"},"canonical":"https:\/\/aircleanbeauty.com\/fr\/asciugamani\/","og_locale":"fr_FR","og_type":"article","og_title":"Materiali asciugamani monouso - Parrucchieri ed estetista - AirClean","og_description":"AirClean presenta utilizza materiali di prima qualit\u00e0 nella realizzazione dei suoi asciugamani monouso per il settore Hait\/Beauty, estetica e parrucchieri","og_url":"https:\/\/aircleanbeauty.com\/fr\/asciugamani\/","og_site_name":"AirClean Beauty","article_modified_time":"2023-04-28T08:33:03+00:00","twitter_card":"summary_large_image","twitter_misc":{"Dur\u00e9e de lecture estim\u00e9e":"2 minutes"},"schema":{"@context":"https:\/\/schema.org","@graph":[{"@type":"WebPage","@id":"https:\/\/aircleanbeauty.com\/fr\/asciugamani\/","url":"https:\/\/aircleanbeauty.com\/fr\/asciugamani\/","name":"Materiali asciugamani monouso - Parrucchieri ed estetista - AirClean","isPartOf":{"@id":"https:\/\/aircleanbeauty.com\/#website"},"datePublished":"2018-12-06T10:54:17+00:00","dateModified":"2023-04-28T08:33:03+00:00","description":"AirClean presenta utilizza materiali di prima qualit\u00e0 nella realizzazione dei suoi asciugamani monouso per il settore Hait\/Beauty, estetica e parrucchieri","breadcrumb":{"@id":"https:\/\/aircleanbeauty.com\/fr\/asciugamani\/#breadcrumb"},"inLanguage":"fr-FR","potentialAction":[{"@type":"ReadAction","target":["https:\/\/aircleanbeauty.com\/fr\/asciugamani\/"]}]},{"@type":"BreadcrumbList","@id":"https:\/\/aircleanbeauty.com\/fr\/asciugamani\/#breadcrumb","itemListElement":[{"@type":"ListItem","position":1,"name":"Home","item":"https:\/\/aircleanbeauty.com\/fr\/"},{"@type":"ListItem","position":2,"name":"Les Serviettes"}]},{"@type":"WebSite","@id":"https:\/\/aircleanbeauty.com\/#website","url":"https:\/\/aircleanbeauty.com\/","name":"AirClean Beauty","description":"Monouso al servizio della bellezza","potentialAction":[{"@type":"SearchAction","target":{"@type":"EntryPoint","urlTemplate":"https:\/\/aircleanbeauty.com\/?s={search_term_string}"},"query-input":"required name=search_term_string"}],"inLanguage":"fr-FR"}]}},"_links":{"self":[{"href":"https:\/\/aircleanbeauty.com\/fr\/wp-json\/wp\/v2\/pages\/2279"}],"collection":[{"href":"https:\/\/aircleanbeauty.com\/fr\/wp-json\/wp\/v2\/pages"}],"about":[{"href":"https:\/\/aircleanbeauty.com\/fr\/wp-json\/wp\/v2\/types\/page"}],"author":[{"embeddable":true,"href":"https:\/\/aircleanbeauty.com\/fr\/wp-json\/wp\/v2\/users\/4"}],"replies":[{"embeddable":true,"href":"https:\/\/aircleanbeauty.com\/fr\/wp-json\/wp\/v2\/comments?post=2279"}],"version-history":[{"count":20,"href":"https:\/\/aircleanbeauty.com\/fr\/wp-json\/wp\/v2\/pages\/2279\/revisions"}],"predecessor-version":[{"id":7902,"href":"https:\/\/aircleanbeauty.com\/fr\/wp-json\/wp\/v2\/pages\/2279\/revisions\/7902"}],"wp:attachment":[{"href":"https:\/\/aircleanbeauty.com\/fr\/wp-json\/wp\/v2\/media?parent=2279"}],"curies":[{"name":"wp","href":"https:\/\/api.w.org\/{rel}","templated":true}]}}