{"id":2599,"date":"2018-11-29T09:15:19","date_gmt":"2018-11-29T09:15:19","guid":{"rendered":"https:\/\/aircleanbeauty.com\/contattaci\/"},"modified":"2022-10-12T15:39:14","modified_gmt":"2022-10-12T14:39:14","slug":"contactez-nous","status":"publish","type":"page","link":"https:\/\/aircleanbeauty.com\/fr\/contactez-nous\/","title":{"rendered":"Contactez nous"},"content":{"rendered":"<section class=\"wpb-content-wrapper\"><p>[vc_row full_width=\u00a0\u00bbstretch_row_content\u00a0\u00bb bg_type=\u00a0\u00bbimage\u00a0\u00bb parallax_style=\u00a0\u00bbvcpb-default\u00a0\u00bb bg_image_new=\u00a0\u00bbid^703|url^https:\/\/aircleanbeauty.com\/wp-content\/uploads\/2018\/11\/Testata-Pagina-Hair.jpg|caption^null|alt^null|title^Testata Pagina Hair|description^null\u00a0\u00bb bg_image_repeat=\u00a0\u00bbno-repeat\u00a0\u00bb bg_image_posiiton=\u00a0\u00bbbottom\u00a0\u00bb el_class=\u00a0\u00bbhero-row\u00a0\u00bb css=\u00a0\u00bb.vc_custom_1665585175878{margin-top: -70px !important;}\u00a0\u00bb][vc_column css=\u00a0\u00bb.vc_custom_1525941943577{padding-top: 0px !important;padding-right: 0px !important;padding-left: 0px !important;}\u00a0\u00bb][vc_custom_heading text=\u00a0\u00bbContactez nous\u00a0\u00bb font_container=\u00a0\u00bbtag:h2|text_align:center|color:%23ffffff\u00a0\u00bb use_theme_fonts=\u00a0\u00bbyes\u00a0\u00bb el_class=\u00a0\u00bbheadertitle\u00a0\u00bb][\/vc_column][\/vc_row][vc_row el_class=\u00a0\u00bbcf-row\u00a0\u00bb][vc_column]\n<div class=\"wpcf7 no-js\" id=\"wpcf7-f2600-o1\" lang=\"it-IT\" dir=\"ltr\">\n<div class=\"screen-reader-response\"><p role=\"status\" aria-live=\"polite\" aria-atomic=\"true\"><\/p> <ul><\/ul><\/div>\n<form action=\"\/fr\/wp-json\/wp\/v2\/pages\/2599#wpcf7-f2600-o1\" method=\"post\" class=\"wpcf7-form init\" aria-label=\"Modulo di contatto\" novalidate=\"novalidate\" data-status=\"init\">\n<div style=\"display: none;\">\n<input type=\"hidden\" name=\"_wpcf7\" value=\"2600\" \/>\n<input type=\"hidden\" name=\"_wpcf7_version\" value=\"5.7.6\" \/>\n<input type=\"hidden\" name=\"_wpcf7_locale\" value=\"it_IT\" \/>\n<input type=\"hidden\" name=\"_wpcf7_unit_tag\" value=\"wpcf7-f2600-o1\" \/>\n<input type=\"hidden\" name=\"_wpcf7_container_post\" value=\"0\" \/>\n<input type=\"hidden\" name=\"_wpcf7_posted_data_hash\" value=\"\" \/>\n<input type=\"hidden\" name=\"_wpcf7_recaptcha_response\" value=\"\" \/>\n<\/div>\n<div class=\"txt\">\n\t<p><span class=\"wpcf7-form-control-wrap\" data-name=\"nome\"><input size=\"40\" class=\"wpcf7-form-control wpcf7-text wpcf7-validates-as-required\" aria-required=\"true\" aria-invalid=\"false\" placeholder=\"Nom et surnom*\" value=\"\" type=\"text\" name=\"nome\" \/><\/span>\n\t<\/p>\n<\/div>\n<div class=\"txt\">\n\t<p><span class=\"wpcf7-form-control-wrap\" data-name=\"ragionesociale\"><input size=\"40\" class=\"wpcf7-form-control wpcf7-text wpcf7-validates-as-required\" aria-required=\"true\" aria-invalid=\"false\" placeholder=\"Nom de l&#039;entreprise*\" value=\"\" type=\"text\" name=\"ragionesociale\" \/><\/span>\n\t<\/p>\n<\/div>\n<div class=\"txt\">\n\t<p><span class=\"wpcf7-form-control-wrap\" data-name=\"tel\"><input size=\"40\" class=\"wpcf7-form-control wpcf7-text wpcf7-validates-as-required\" aria-required=\"true\" aria-invalid=\"false\" placeholder=\"T\u00e9l\u00e9phone*\" value=\"\" type=\"text\" name=\"tel\" \/><\/span>\n\t<\/p>\n<\/div>\n<div class=\"txt\">\n\t<p><span class=\"wpcf7-form-control-wrap\" data-name=\"email\"><input size=\"40\" class=\"wpcf7-form-control wpcf7-text wpcf7-email wpcf7-validates-as-required wpcf7-validates-as-email\" aria-required=\"true\" aria-invalid=\"false\" placeholder=\"Email*\" value=\"\" type=\"email\" name=\"email\" \/><\/span>\n\t<\/p>\n<\/div>\n<hr \/>\n<div class=\"txt\">\n\t<p><span class=\"wpcf7-form-control-wrap\" data-name=\"attivita\"><input size=\"40\" class=\"wpcf7-form-control wpcf7-text wpcf7-validates-as-required\" aria-required=\"true\" aria-invalid=\"false\" placeholder=\"Type d&#039;activit\u00e9*\" value=\"\" type=\"text\" name=\"attivita\" \/><\/span>\n\t<\/p>\n<\/div>\n<div class=\"txt\">\n\t<p><span class=\"wpcf7-form-control-wrap\" data-name=\"indirizzo\"><input size=\"40\" class=\"wpcf7-form-control wpcf7-text wpcf7-validates-as-required\" aria-required=\"true\" aria-invalid=\"false\" placeholder=\"Addresse*\" value=\"\" type=\"text\" name=\"indirizzo\" \/><\/span>\n\t<\/p>\n<\/div>\n<div class=\"txt\">\n\t<p><span class=\"wpcf7-form-control-wrap\" data-name=\"iva\"><input size=\"40\" class=\"wpcf7-form-control wpcf7-text wpcf7-validates-as-required\" aria-required=\"true\" aria-invalid=\"false\" placeholder=\"VAT Number*\" value=\"\" type=\"text\" name=\"iva\" \/><\/span>\n\t<\/p>\n<\/div>\n<div class=\"txt\">\n\t<p><span class=\"wpcf7-form-control-wrap\" data-name=\"localita\"><input size=\"40\" class=\"wpcf7-form-control wpcf7-text wpcf7-validates-as-required\" aria-required=\"true\" aria-invalid=\"false\" placeholder=\"Ville*\" value=\"\" type=\"text\" name=\"localita\" \/><\/span>\n\t<\/p>\n<\/div>\n<div class=\"txt\">\n\t<p><span class=\"wpcf7-form-control-wrap\" data-name=\"CAP\"><input size=\"40\" class=\"wpcf7-form-control wpcf7-text wpcf7-validates-as-required\" aria-required=\"true\" aria-invalid=\"false\" placeholder=\"Code Postal*\" value=\"\" type=\"text\" name=\"CAP\" \/><\/span>\n\t<\/p>\n<\/div>\n<div class=\"txt\">\n\t<p><span class=\"wpcf7-form-control-wrap\" data-name=\"nazione\"><input size=\"40\" class=\"wpcf7-form-control wpcf7-text wpcf7-validates-as-required\" aria-required=\"true\" aria-invalid=\"false\" placeholder=\"Nation*\" value=\"\" type=\"text\" name=\"nazione\" \/><\/span>\n\t<\/p>\n<\/div>\n<div class=\"msg\">\n\t<p><span class=\"wpcf7-form-control-wrap\" data-name=\"message\"><textarea cols=\"40\" rows=\"10\" class=\"wpcf7-form-control wpcf7-textarea\" aria-invalid=\"false\" placeholder=\"Message\" name=\"message\"><\/textarea><\/span>\n\t<\/p>\n<\/div>\n<div class=\"cliente\">\n\t<p>Avez-vous d\u00e9j\u00e0 achet\u00e9 nos produits? <span class=\"wpcf7-form-control-wrap\" data-name=\"purchase-product\"><span class=\"wpcf7-form-control wpcf7-radio\"><span class=\"wpcf7-list-item first\"><span class=\"wpcf7-list-item-label\">Oui<\/span><input type=\"radio\" name=\"purchase-product\" value=\"Oui\" \/><\/span><span class=\"wpcf7-list-item last\"><span class=\"wpcf7-list-item-label\">No<\/span><input type=\"radio\" name=\"purchase-product\" value=\"No\" \/><\/span><\/span><\/span>\n\t<\/p>\n<\/div>\n<div class=\"privacy\">\n\t<p><span class=\"wpcf7-form-control-wrap\" data-name=\"Privacy\"><span class=\"wpcf7-form-control wpcf7-acceptance\"><span class=\"wpcf7-list-item\"><label><input type=\"checkbox\" name=\"Privacy\" value=\"1\" aria-invalid=\"false\" \/><span class=\"wpcf7-list-item-label\">J'ai lu les informations sur le traitement de mes donn\u00e9es personnelles (<a target=\"_blank\" href=\"\/privacy-policy\/\">Privacy Policy<\/a>)<\/span><\/label><\/span><\/span><\/span>\n\t<\/p>\n<\/div>\n\n<div class=\"submit\">\n\t<p><input class=\"wpcf7-form-control has-spinner wpcf7-submit\" type=\"submit\" value=\"Soumettre\" \/>\n\t<\/p>\n<\/div><div class=\"wpcf7-response-output\" aria-hidden=\"true\"><\/div>\n<\/form>\n<\/div>\n[\/vc_column][\/vc_row]<\/p>\n<\/section>","protected":false},"excerpt":{"rendered":"<p>[vc_row full_width=\u00a0\u00bbstretch_row_content\u00a0\u00bb bg_type=\u00a0\u00bbimage\u00a0\u00bb parallax_style=\u00a0\u00bbvcpb-default\u00a0\u00bb bg_image_new=\u00a0\u00bbid^703|url^https:\/\/aircleanbeauty.com\/wp-content\/uploads\/2018\/11\/Testata-Pagina-Hair.jpg|caption^null|alt^null|title^Testata Pagina Hair|description^null\u00a0\u00bb bg_image_repeat=\u00a0\u00bbno-repeat\u00a0\u00bb bg_image_posiiton=\u00a0\u00bbbottom\u00a0\u00bb el_class=\u00a0\u00bbhero-row\u00a0\u00bb css=\u00a0\u00bb.vc_custom_1665585175878{margin-top: -70px !important;}\u00a0\u00bb][vc_column css=\u00a0\u00bb.vc_custom_1525941943577{padding-top: 0px !important;padding-right: 0px !important;padding-left: 0px !important;}\u00a0\u00bb][vc_custom_heading text=\u00a0\u00bbContactez nous\u00a0\u00bb font_container=\u00a0\u00bbtag:h2|text_align:center|color:%23ffffff\u00a0\u00bb use_theme_fonts=\u00a0\u00bbyes\u00a0\u00bb el_class=\u00a0\u00bbheadertitle\u00a0\u00bb][\/vc_column][\/vc_row][vc_row el_class=\u00a0\u00bbcf-row\u00a0\u00bb][vc_column][\/vc_column][\/vc_row]<\/p>\n","protected":false},"author":4,"featured_media":0,"parent":0,"menu_order":0,"comment_status":"closed","ping_status":"closed","template":"","meta":[],"yoast_head":"<!-- This site is optimized with the Yoast SEO plugin v20.7 - https:\/\/yoast.com\/wordpress\/plugins\/seo\/ -->\n<title>Contactez nous - AirClean Beauty<\/title>\n<meta name=\"robots\" content=\"index, follow, max-snippet:-1, max-image-preview:large, max-video-preview:-1\" \/>\n<link rel=\"canonical\" href=\"https:\/\/aircleanbeauty.com\/fr\/contactez-nous\/\" \/>\n<meta property=\"og:locale\" content=\"fr_FR\" \/>\n<meta property=\"og:type\" content=\"article\" \/>\n<meta property=\"og:title\" content=\"Contactez nous - AirClean Beauty\" \/>\n<meta property=\"og:description\" content=\"[vc_row full_width=\u00a0\u00bbstretch_row_content\u00a0\u00bb bg_type=\u00a0\u00bbimage\u00a0\u00bb parallax_style=\u00a0\u00bbvcpb-default\u00a0\u00bb bg_image_new=\u00a0\u00bbid^703|url^https:\/\/aircleanbeauty.com\/wp-content\/uploads\/2018\/11\/Testata-Pagina-Hair.jpg|caption^null|alt^null|title^Testata Pagina Hair|description^null\u00a0\u00bb bg_image_repeat=\u00a0\u00bbno-repeat\u00a0\u00bb bg_image_posiiton=\u00a0\u00bbbottom\u00a0\u00bb el_class=\u00a0\u00bbhero-row\u00a0\u00bb css=\u00a0\u00bb.vc_custom_1665585175878{margin-top: -70px !important;}\u00a0\u00bb][vc_column css=\u00a0\u00bb.vc_custom_1525941943577{padding-top: 0px !important;padding-right: 0px !important;padding-left: 0px !important;}\u00a0\u00bb][vc_custom_heading text=\u00a0\u00bbContactez nous\u00a0\u00bb font_container=\u00a0\u00bbtag:h2|text_align:center|color:%23ffffff\u00a0\u00bb use_theme_fonts=\u00a0\u00bbyes\u00a0\u00bb el_class=\u00a0\u00bbheadertitle\u00a0\u00bb][\/vc_column][\/vc_row][vc_row el_class=\u00a0\u00bbcf-row\u00a0\u00bb][vc_column][\/vc_column][\/vc_row]\" \/>\n<meta property=\"og:url\" content=\"https:\/\/aircleanbeauty.com\/fr\/contactez-nous\/\" \/>\n<meta property=\"og:site_name\" content=\"AirClean Beauty\" \/>\n<meta property=\"article:modified_time\" content=\"2022-10-12T14:39:14+00:00\" \/>\n<meta name=\"twitter:card\" content=\"summary_large_image\" \/>\n<meta name=\"twitter:label1\" content=\"Dur\u00e9e de lecture estim\u00e9e\" \/>\n\t<meta name=\"twitter:data1\" content=\"1 minute\" \/>\n<script type=\"application\/ld+json\" class=\"yoast-schema-graph\">{\"@context\":\"https:\/\/schema.org\",\"@graph\":[{\"@type\":\"WebPage\",\"@id\":\"https:\/\/aircleanbeauty.com\/fr\/contactez-nous\/\",\"url\":\"https:\/\/aircleanbeauty.com\/fr\/contactez-nous\/\",\"name\":\"Contactez nous - AirClean Beauty\",\"isPartOf\":{\"@id\":\"https:\/\/aircleanbeauty.com\/#website\"},\"datePublished\":\"2018-11-29T09:15:19+00:00\",\"dateModified\":\"2022-10-12T14:39:14+00:00\",\"breadcrumb\":{\"@id\":\"https:\/\/aircleanbeauty.com\/fr\/contactez-nous\/#breadcrumb\"},\"inLanguage\":\"fr-FR\",\"potentialAction\":[{\"@type\":\"ReadAction\",\"target\":[\"https:\/\/aircleanbeauty.com\/fr\/contactez-nous\/\"]}]},{\"@type\":\"BreadcrumbList\",\"@id\":\"https:\/\/aircleanbeauty.com\/fr\/contactez-nous\/#breadcrumb\",\"itemListElement\":[{\"@type\":\"ListItem\",\"position\":1,\"name\":\"Home\",\"item\":\"https:\/\/aircleanbeauty.com\/fr\/\"},{\"@type\":\"ListItem\",\"position\":2,\"name\":\"Contactez nous\"}]},{\"@type\":\"WebSite\",\"@id\":\"https:\/\/aircleanbeauty.com\/#website\",\"url\":\"https:\/\/aircleanbeauty.com\/\",\"name\":\"AirClean Beauty\",\"description\":\"Monouso al servizio della bellezza\",\"potentialAction\":[{\"@type\":\"SearchAction\",\"target\":{\"@type\":\"EntryPoint\",\"urlTemplate\":\"https:\/\/aircleanbeauty.com\/?s={search_term_string}\"},\"query-input\":\"required name=search_term_string\"}],\"inLanguage\":\"fr-FR\"}]}<\/script>\n<!-- \/ Yoast SEO plugin. -->","yoast_head_json":{"title":"Contactez nous - AirClean Beauty","robots":{"index":"index","follow":"follow","max-snippet":"max-snippet:-1","max-image-preview":"max-image-preview:large","max-video-preview":"max-video-preview:-1"},"canonical":"https:\/\/aircleanbeauty.com\/fr\/contactez-nous\/","og_locale":"fr_FR","og_type":"article","og_title":"Contactez nous - AirClean Beauty","og_description":"[vc_row full_width=\u00a0\u00bbstretch_row_content\u00a0\u00bb bg_type=\u00a0\u00bbimage\u00a0\u00bb parallax_style=\u00a0\u00bbvcpb-default\u00a0\u00bb bg_image_new=\u00a0\u00bbid^703|url^https:\/\/aircleanbeauty.com\/wp-content\/uploads\/2018\/11\/Testata-Pagina-Hair.jpg|caption^null|alt^null|title^Testata Pagina Hair|description^null\u00a0\u00bb bg_image_repeat=\u00a0\u00bbno-repeat\u00a0\u00bb bg_image_posiiton=\u00a0\u00bbbottom\u00a0\u00bb el_class=\u00a0\u00bbhero-row\u00a0\u00bb css=\u00a0\u00bb.vc_custom_1665585175878{margin-top: -70px !important;}\u00a0\u00bb][vc_column css=\u00a0\u00bb.vc_custom_1525941943577{padding-top: 0px !important;padding-right: 0px !important;padding-left: 0px !important;}\u00a0\u00bb][vc_custom_heading text=\u00a0\u00bbContactez nous\u00a0\u00bb font_container=\u00a0\u00bbtag:h2|text_align:center|color:%23ffffff\u00a0\u00bb use_theme_fonts=\u00a0\u00bbyes\u00a0\u00bb el_class=\u00a0\u00bbheadertitle\u00a0\u00bb][\/vc_column][\/vc_row][vc_row el_class=\u00a0\u00bbcf-row\u00a0\u00bb][vc_column][\/vc_column][\/vc_row]","og_url":"https:\/\/aircleanbeauty.com\/fr\/contactez-nous\/","og_site_name":"AirClean Beauty","article_modified_time":"2022-10-12T14:39:14+00:00","twitter_card":"summary_large_image","twitter_misc":{"Dur\u00e9e de lecture estim\u00e9e":"1 minute"},"schema":{"@context":"https:\/\/schema.org","@graph":[{"@type":"WebPage","@id":"https:\/\/aircleanbeauty.com\/fr\/contactez-nous\/","url":"https:\/\/aircleanbeauty.com\/fr\/contactez-nous\/","name":"Contactez nous - AirClean Beauty","isPartOf":{"@id":"https:\/\/aircleanbeauty.com\/#website"},"datePublished":"2018-11-29T09:15:19+00:00","dateModified":"2022-10-12T14:39:14+00:00","breadcrumb":{"@id":"https:\/\/aircleanbeauty.com\/fr\/contactez-nous\/#breadcrumb"},"inLanguage":"fr-FR","potentialAction":[{"@type":"ReadAction","target":["https:\/\/aircleanbeauty.com\/fr\/contactez-nous\/"]}]},{"@type":"BreadcrumbList","@id":"https:\/\/aircleanbeauty.com\/fr\/contactez-nous\/#breadcrumb","itemListElement":[{"@type":"ListItem","position":1,"name":"Home","item":"https:\/\/aircleanbeauty.com\/fr\/"},{"@type":"ListItem","position":2,"name":"Contactez nous"}]},{"@type":"WebSite","@id":"https:\/\/aircleanbeauty.com\/#website","url":"https:\/\/aircleanbeauty.com\/","name":"AirClean Beauty","description":"Monouso al servizio della bellezza","potentialAction":[{"@type":"SearchAction","target":{"@type":"EntryPoint","urlTemplate":"https:\/\/aircleanbeauty.com\/?s={search_term_string}"},"query-input":"required name=search_term_string"}],"inLanguage":"fr-FR"}]}},"_links":{"self":[{"href":"https:\/\/aircleanbeauty.com\/fr\/wp-json\/wp\/v2\/pages\/2599"}],"collection":[{"href":"https:\/\/aircleanbeauty.com\/fr\/wp-json\/wp\/v2\/pages"}],"about":[{"href":"https:\/\/aircleanbeauty.com\/fr\/wp-json\/wp\/v2\/types\/page"}],"author":[{"embeddable":true,"href":"https:\/\/aircleanbeauty.com\/fr\/wp-json\/wp\/v2\/users\/4"}],"replies":[{"embeddable":true,"href":"https:\/\/aircleanbeauty.com\/fr\/wp-json\/wp\/v2\/comments?post=2599"}],"version-history":[{"count":2,"href":"https:\/\/aircleanbeauty.com\/fr\/wp-json\/wp\/v2\/pages\/2599\/revisions"}],"predecessor-version":[{"id":5364,"href":"https:\/\/aircleanbeauty.com\/fr\/wp-json\/wp\/v2\/pages\/2599\/revisions\/5364"}],"wp:attachment":[{"href":"https:\/\/aircleanbeauty.com\/fr\/wp-json\/wp\/v2\/media?parent=2599"}],"curies":[{"name":"wp","href":"https:\/\/api.w.org\/{rel}","templated":true}]}}